{"id":1579,"date":"2021-01-25T16:54:43","date_gmt":"2021-01-25T15:54:43","guid":{"rendered":"http:\/\/www.sudeckakraina.pl\/?page_id=1579"},"modified":"2021-01-29T16:41:29","modified_gmt":"2021-01-29T15:41:29","slug":"zasady-bezpieczenstwa","status":"publish","type":"page","link":"https:\/\/www.sudeckakraina.pl\/index.php\/zasady-bezpieczenstwa\/","title":{"rendered":"ZASADY BEZPIECZE\u0143STWA"},"content":{"rendered":"<div id=\"pl-gb1579-6a060820a011d\"  class=\"panel-layout\" ><div id=\"pg-gb1579-6a060820a011d-0\"  class=\"panel-grid panel-has-style\" ><div class=\"siteorigin-panels-stretch panel-row-style panel-row-style-for-gb1579-6a060820a011d-0\" data-stretch-type=\"full\" ><div id=\"pgc-gb1579-6a060820a011d-0-0\"  class=\"panel-grid-cell\" ><div id=\"panel-gb1579-6a060820a011d-0-0-0\" class=\"so-panel widget widget_sow-image panel-first-child\" data-index=\"0\" ><div\n\t\t\t\n\t\t\tclass=\"so-widget-sow-image so-widget-sow-image-default-8b5b6f678277-1579\"\n\t\t\t\n\t\t>\n<div class=\"sow-image-container\">\n\t\t<img fetchpriority=\"high\" \n\tsrc=\"https:\/\/www.sudeckakraina.pl\/wp-content\/uploads\/2021\/01\/COVID-MINISTERSTWO-PLAKAT-FOT.jpg\" width=\"416\" height=\"588\" srcset=\"https:\/\/www.sudeckakraina.pl\/wp-content\/uploads\/2021\/01\/COVID-MINISTERSTWO-PLAKAT-FOT.jpg 416w, https:\/\/www.sudeckakraina.pl\/wp-content\/uploads\/2021\/01\/COVID-MINISTERSTWO-PLAKAT-FOT-212x300.jpg 212w\" sizes=\"(max-width: 416px) 100vw, 416px\" title=\"COVID MINISTERSTWO PLAKAT FOT\" alt=\"\" \t\tclass=\"so-widget-image\"\/>\n\t<\/div>\n\n<\/div><\/div><div id=\"panel-gb1579-6a060820a011d-0-0-1\" class=\"so-panel widget widget_sow-image panel-last-child\" data-index=\"1\" ><div\n\t\t\t\n\t\t\tclass=\"so-widget-sow-image so-widget-sow-image-default-8b5b6f678277-1579\"\n\t\t\t\n\t\t>\n<div class=\"sow-image-container\">\n\t\t<img \n\tsrc=\"https:\/\/www.sudeckakraina.pl\/wp-content\/uploads\/2021\/01\/dezynfekcja_rak.jpg\" width=\"595\" height=\"842\" srcset=\"https:\/\/www.sudeckakraina.pl\/wp-content\/uploads\/2021\/01\/dezynfekcja_rak.jpg 595w, https:\/\/www.sudeckakraina.pl\/wp-content\/uploads\/2021\/01\/dezynfekcja_rak-212x300.jpg 212w\" sizes=\"(max-width: 595px) 100vw, 595px\" title=\"dezynfekcja_r\u0105k\" alt=\"\" \t\tclass=\"so-widget-image\"\/>\n\t<\/div>\n\n<\/div><\/div><\/div><div id=\"pgc-gb1579-6a060820a011d-0-1\"  class=\"panel-grid-cell\" ><div id=\"panel-gb1579-6a060820a011d-0-1-0\" class=\"so-panel widget widget_sow-editor panel-first-child\" data-index=\"2\" ><div\n\t\t\t\n\t\t\tclass=\"so-widget-sow-editor so-widget-sow-editor-base\"\n\t\t\t\n\t\t>\n<div class=\"siteorigin-widget-tinymce textwidget\">\n\t<h3><span style=\"color: #000000;\">Sytuacja epidemiczna<\/span><\/h3>\n<h5>Wychodz\u0105c na przeciw zaistnia\u0142ej sytuacji B.T. Sudecka Kraina organizuje swoje us\u0142ugi, pami\u0119taj\u0105c, \u017ce aktywno\u015b\u0107 na \u015bwie\u017cym powietrzu dzia\u0142a pozytywnie nie tylko na wzmocnienie odporno\u015bci, ale tak\u017ce na kondycj\u0119 fizyczn\u0105 i psychiczn\u0105 szczeg\u00f3lnie w tak trudnej sytuacji jak obecna.<\/h5>\n<h5>Maj\u0105c na uwadze obecne rozporz\u0105dzenia prosimy by zapozna\u0107 si\u0119 z zaleceniami:<\/h5>\n<h5><\/h5>\n<h5><span style=\"color: #333333;\">Ze wzgl\u0119du na sytuacj\u0119 epidemiczn\u0105, zgodnie z Rozporz\u0105dzeniem Rady Ministr\u00f3w, w czasie wycieczki obowi\u0105zuje zachowanie dwumetrowego dystansu, lub zakrywanie ust, nosa i przestrzeganie ustalonych zasad bezpiecze\u0144stwa &#8211; patrz materia\u0142y Ministerstwa umieszczone obok.<\/span><\/h5>\n<h5><span style=\"color: #333333;\"> Uczestnicy wycieczki zobowi\u0105zani s\u0105 do p<\/span><span style=\"color: #333333;\">osiadania i u\u017cywania indywidualnych \u015brodk\u00f3w do odka\u017cania r\u0105k .<\/span><\/h5>\n<\/div>\n<\/div><\/div><div id=\"panel-gb1579-6a060820a011d-0-1-1\" class=\"so-panel widget widget_sow-image panel-last-child\" data-index=\"3\" ><div\n\t\t\t\n\t\t\tclass=\"so-widget-sow-image so-widget-sow-image-default-8b5b6f678277-1579\"\n\t\t\t\n\t\t>\n<div class=\"sow-image-container\">\n\t\t<img \n\tsrc=\"https:\/\/www.sudeckakraina.pl\/wp-content\/uploads\/2021\/01\/COVID-PLAKAT-MINISTERSTWO.jpg\" width=\"893\" height=\"557\" srcset=\"https:\/\/www.sudeckakraina.pl\/wp-content\/uploads\/2021\/01\/COVID-PLAKAT-MINISTERSTWO.jpg 893w, https:\/\/www.sudeckakraina.pl\/wp-content\/uploads\/2021\/01\/COVID-PLAKAT-MINISTERSTWO-300x187.jpg 300w, https:\/\/www.sudeckakraina.pl\/wp-content\/uploads\/2021\/01\/COVID-PLAKAT-MINISTERSTWO-768x479.jpg 768w, https:\/\/www.sudeckakraina.pl\/wp-content\/uploads\/2021\/01\/COVID-PLAKAT-MINISTERSTWO-600x374.jpg 600w\" sizes=\"(max-width: 893px) 100vw, 893px\" title=\"COVID PLAKAT MINISTERSTWO\" alt=\"\" \t\tclass=\"so-widget-image\"\/>\n\t<\/div>\n\n<\/div><\/div><\/div><\/div><\/div><\/div>\n\n\n<p><\/p>\n","protected":false},"excerpt":{"rendered":"<p>Sytuacja epidemiczna Wychodz\u0105c na przeciw zaistnia\u0142ej sytuacji B.T. Sudecka Kraina organizuje swoje us\u0142ugi, pami\u0119taj\u0105c, \u017ce aktywno\u015b\u0107 na \u015bwie\u017cym powietrzu dzia\u0142a pozytywnie nie tylko na wzmocnienie odporno\u015bci, ale tak\u017ce na kondycj\u0119 fizyczn\u0105 i psychiczn\u0105 szczeg\u00f3lnie w tak trudnej sytuacji jak obecna. Maj\u0105c na uwadze obecne rozporz\u0105dzenia prosimy by zapozna\u0107 si\u0119 z zaleceniami: Ze wzgl\u0119du na sytuacj\u0119 [&hellip;]<\/p>\n","protected":false},"author":1,"featured_media":0,"parent":0,"menu_order":0,"comment_status":"closed","ping_status":"closed","template":"","meta":{"_acf_changed":false,"_monsterinsights_skip_tracking":false,"_monsterinsights_sitenote_active":false,"_monsterinsights_sitenote_note":"","_monsterinsights_sitenote_category":0,"site-sidebar-layout":"default","site-content-layout":"","ast-site-content-layout":"default","site-content-style":"default","site-sidebar-style":"default","ast-global-header-display":"","ast-banner-title-visibility":"","ast-main-header-display":"","ast-hfb-above-header-display":"","ast-hfb-below-header-display":"","ast-hfb-mobile-header-display":"","site-post-title":"","ast-breadcrumbs-content":"","ast-featured-img":"","footer-sml-layout":"","ast-disable-related-posts":"","theme-transparent-header-meta":"","adv-header-id-meta":"","stick-header-meta":"","header-above-stick-meta":"","header-main-stick-meta":"","header-below-stick-meta":"","astra-migrate-meta-layouts":"default","ast-page-background-enabled":"default","ast-page-background-meta":{"desktop":{"background-color":"var(--ast-global-color-4)","background-image":"","background-repeat":"repeat","background-position":"center center","background-size":"auto","background-attachment":"scroll","background-type":"","background-media":"","overlay-type":"","overlay-color":"","overlay-opacity":"","overlay-gradient":""},"tablet":{"background-color":"","background-image":"","background-repeat":"repeat","background-position":"center center","background-size":"auto","background-attachment":"scroll","background-type":"","background-media":"","overlay-type":"","overlay-color":"","overlay-opacity":"","overlay-gradient":""},"mobile":{"background-color":"","background-image":"","background-repeat":"repeat","background-position":"center center","background-size":"auto","background-attachment":"scroll","background-type":"","background-media":"","overlay-type":"","overlay-color":"","overlay-opacity":"","overlay-gradient":""}},"ast-content-background-meta":{"desktop":{"background-color":"var(--ast-global-color-5)","background-image":"","background-repeat":"repeat","background-position":"center center","background-size":"auto","background-attachment":"scroll","background-type":"","background-media":"","overlay-type":"","overlay-color":"","overlay-opacity":"","overlay-gradient":""},"tablet":{"background-color":"var(--ast-global-color-5)","background-image":"","background-repeat":"repeat","background-position":"center center","background-size":"auto","background-attachment":"scroll","background-type":"","background-media":"","overlay-type":"","overlay-color":"","overlay-opacity":"","overlay-gradient":""},"mobile":{"background-color":"var(--ast-global-color-5)","background-image":"","background-repeat":"repeat","background-position":"center center","background-size":"auto","background-attachment":"scroll","background-type":"","background-media":"","overlay-type":"","overlay-color":"","overlay-opacity":"","overlay-gradient":""}},"footnotes":""},"class_list":["post-1579","page","type-page","status-publish","hentry"],"acf":[],"yoast_head":"<!-- This site is optimized with the Yoast SEO plugin v27.6 - https:\/\/yoast.com\/product\/yoast-seo-wordpress\/ -->\n<title>ZASADY BEZPIECZE\u0143STWA | Przewodnik sudecki Karkonosze spacery z lampami naftowymi<\/title>\n<meta name=\"robots\" content=\"index, follow, max-snippet:-1, max-image-preview:large, max-video-preview:-1\" \/>\n<link rel=\"canonical\" href=\"https:\/\/www.sudeckakraina.pl\/index.php\/zasady-bezpieczenstwa\/\" \/>\n<meta property=\"og:locale\" content=\"pl_PL\" \/>\n<meta property=\"og:type\" content=\"article\" \/>\n<meta property=\"og:title\" content=\"ZASADY BEZPIECZE\u0143STWA | Przewodnik sudecki Karkonosze spacery z lampami naftowymi\" \/>\n<meta property=\"og:description\" content=\"Sytuacja epidemiczna Wychodz\u0105c na przeciw zaistnia\u0142ej sytuacji B.T. Sudecka Kraina organizuje swoje us\u0142ugi, pami\u0119taj\u0105c, \u017ce aktywno\u015b\u0107 na \u015bwie\u017cym powietrzu dzia\u0142a pozytywnie nie tylko na wzmocnienie odporno\u015bci, ale tak\u017ce na kondycj\u0119 fizyczn\u0105 i psychiczn\u0105 szczeg\u00f3lnie w tak trudnej sytuacji jak obecna. Maj\u0105c na uwadze obecne rozporz\u0105dzenia prosimy by zapozna\u0107 si\u0119 z zaleceniami: Ze wzgl\u0119du na sytuacj\u0119 [&hellip;]\" \/>\n<meta property=\"og:url\" content=\"https:\/\/www.sudeckakraina.pl\/index.php\/zasady-bezpieczenstwa\/\" \/>\n<meta property=\"og:site_name\" content=\"Przewodnik sudecki Karkonosze spacery z lampami naftowymi\" \/>\n<meta property=\"article:publisher\" content=\"https:\/\/www.facebook.com\/Sudecka.kraina\" \/>\n<meta property=\"article:modified_time\" content=\"2021-01-29T15:41:29+00:00\" \/>\n<meta property=\"og:image\" content=\"http:\/\/www.sudeckakraina.pl\/wp-content\/uploads\/2021\/01\/COVID-MINISTERSTWO-PLAKAT-FOT.jpg\" \/>\n<meta name=\"twitter:card\" content=\"summary_large_image\" \/>\n<meta name=\"twitter:label1\" content=\"Szacowany czas czytania\" \/>\n\t<meta name=\"twitter:data1\" content=\"1 minuta\" \/>\n<script type=\"application\/ld+json\" class=\"yoast-schema-graph\">{\"@context\":\"https:\\\/\\\/schema.org\",\"@graph\":[{\"@type\":\"WebPage\",\"@id\":\"https:\\\/\\\/www.sudeckakraina.pl\\\/index.php\\\/zasady-bezpieczenstwa\\\/\",\"url\":\"https:\\\/\\\/www.sudeckakraina.pl\\\/index.php\\\/zasady-bezpieczenstwa\\\/\",\"name\":\"ZASADY BEZPIECZE\u0143STWA | Przewodnik sudecki Karkonosze spacery z lampami naftowymi\",\"isPartOf\":{\"@id\":\"https:\\\/\\\/www.sudeckakraina.pl\\\/#website\"},\"primaryImageOfPage\":{\"@id\":\"https:\\\/\\\/www.sudeckakraina.pl\\\/index.php\\\/zasady-bezpieczenstwa\\\/#primaryimage\"},\"image\":{\"@id\":\"https:\\\/\\\/www.sudeckakraina.pl\\\/index.php\\\/zasady-bezpieczenstwa\\\/#primaryimage\"},\"thumbnailUrl\":\"http:\\\/\\\/www.sudeckakraina.pl\\\/wp-content\\\/uploads\\\/2021\\\/01\\\/COVID-MINISTERSTWO-PLAKAT-FOT.jpg\",\"datePublished\":\"2021-01-25T15:54:43+00:00\",\"dateModified\":\"2021-01-29T15:41:29+00:00\",\"breadcrumb\":{\"@id\":\"https:\\\/\\\/www.sudeckakraina.pl\\\/index.php\\\/zasady-bezpieczenstwa\\\/#breadcrumb\"},\"inLanguage\":\"pl-PL\",\"potentialAction\":[{\"@type\":\"ReadAction\",\"target\":[\"https:\\\/\\\/www.sudeckakraina.pl\\\/index.php\\\/zasady-bezpieczenstwa\\\/\"]}]},{\"@type\":\"ImageObject\",\"inLanguage\":\"pl-PL\",\"@id\":\"https:\\\/\\\/www.sudeckakraina.pl\\\/index.php\\\/zasady-bezpieczenstwa\\\/#primaryimage\",\"url\":\"https:\\\/\\\/www.sudeckakraina.pl\\\/wp-content\\\/uploads\\\/2021\\\/01\\\/COVID-MINISTERSTWO-PLAKAT-FOT.jpg\",\"contentUrl\":\"https:\\\/\\\/www.sudeckakraina.pl\\\/wp-content\\\/uploads\\\/2021\\\/01\\\/COVID-MINISTERSTWO-PLAKAT-FOT.jpg\",\"width\":416,\"height\":588},{\"@type\":\"BreadcrumbList\",\"@id\":\"https:\\\/\\\/www.sudeckakraina.pl\\\/index.php\\\/zasady-bezpieczenstwa\\\/#breadcrumb\",\"itemListElement\":[{\"@type\":\"ListItem\",\"position\":1,\"name\":\"Strona g\u0142\u00f3wna\",\"item\":\"https:\\\/\\\/www.sudeckakraina.pl\\\/\"},{\"@type\":\"ListItem\",\"position\":2,\"name\":\"ZASADY BEZPIECZE\u0143STWA\"}]},{\"@type\":\"WebSite\",\"@id\":\"https:\\\/\\\/www.sudeckakraina.pl\\\/#website\",\"url\":\"https:\\\/\\\/www.sudeckakraina.pl\\\/\",\"name\":\"Sudecka Kraina - Karkonosze - przewodnik sudecki - spacery z lampami naftowymi\",\"description\":\"Przewodnik sudecki Karkonosze  spacery z lampami naftowymi\",\"publisher\":{\"@id\":\"https:\\\/\\\/www.sudeckakraina.pl\\\/#organization\"},\"alternateName\":\"Sudecka Kraina Karkonosze - przewodnik sudecki - spacery z lampami naftowymi\",\"potentialAction\":[{\"@type\":\"SearchAction\",\"target\":{\"@type\":\"EntryPoint\",\"urlTemplate\":\"https:\\\/\\\/www.sudeckakraina.pl\\\/?s={search_term_string}\"},\"query-input\":{\"@type\":\"PropertyValueSpecification\",\"valueRequired\":true,\"valueName\":\"search_term_string\"}}],\"inLanguage\":\"pl-PL\"},{\"@type\":\"Organization\",\"@id\":\"https:\\\/\\\/www.sudeckakraina.pl\\\/#organization\",\"name\":\"Sudecka Kraina Karkonosze przewodnik sudecki spacery z lampami naftowymi\",\"alternateName\":\"Sudecka Kraina Karkonosze przewodnik sudecki spacery z lampami naftowymi\",\"url\":\"https:\\\/\\\/www.sudeckakraina.pl\\\/\",\"logo\":{\"@type\":\"ImageObject\",\"inLanguage\":\"pl-PL\",\"@id\":\"https:\\\/\\\/www.sudeckakraina.pl\\\/#\\\/schema\\\/logo\\\/image\\\/\",\"url\":\"http:\\\/\\\/www.sudeckakraina.pl\\\/wp-content\\\/uploads\\\/2020\\\/01\\\/logo-bez-t\u0142a-pr\u00f3ba-1-kopia-scaled.jpg\",\"contentUrl\":\"http:\\\/\\\/www.sudeckakraina.pl\\\/wp-content\\\/uploads\\\/2020\\\/01\\\/logo-bez-t\u0142a-pr\u00f3ba-1-kopia-scaled.jpg\",\"width\":2560,\"height\":2560,\"caption\":\"Sudecka Kraina Karkonosze przewodnik sudecki spacery z lampami naftowymi\"},\"image\":{\"@id\":\"https:\\\/\\\/www.sudeckakraina.pl\\\/#\\\/schema\\\/logo\\\/image\\\/\"},\"sameAs\":[\"https:\\\/\\\/www.facebook.com\\\/Sudecka.kraina\"]}]}<\/script>\n<!-- \/ Yoast SEO plugin. -->","yoast_head_json":{"title":"ZASADY BEZPIECZE\u0143STWA | Przewodnik sudecki Karkonosze spacery z lampami naftowymi","robots":{"index":"index","follow":"follow","max-snippet":"max-snippet:-1","max-image-preview":"max-image-preview:large","max-video-preview":"max-video-preview:-1"},"canonical":"https:\/\/www.sudeckakraina.pl\/index.php\/zasady-bezpieczenstwa\/","og_locale":"pl_PL","og_type":"article","og_title":"ZASADY BEZPIECZE\u0143STWA | Przewodnik sudecki Karkonosze spacery z lampami naftowymi","og_description":"Sytuacja epidemiczna Wychodz\u0105c na przeciw zaistnia\u0142ej sytuacji B.T. Sudecka Kraina organizuje swoje us\u0142ugi, pami\u0119taj\u0105c, \u017ce aktywno\u015b\u0107 na \u015bwie\u017cym powietrzu dzia\u0142a pozytywnie nie tylko na wzmocnienie odporno\u015bci, ale tak\u017ce na kondycj\u0119 fizyczn\u0105 i psychiczn\u0105 szczeg\u00f3lnie w tak trudnej sytuacji jak obecna. Maj\u0105c na uwadze obecne rozporz\u0105dzenia prosimy by zapozna\u0107 si\u0119 z zaleceniami: Ze wzgl\u0119du na sytuacj\u0119 [&hellip;]","og_url":"https:\/\/www.sudeckakraina.pl\/index.php\/zasady-bezpieczenstwa\/","og_site_name":"Przewodnik sudecki Karkonosze spacery z lampami naftowymi","article_publisher":"https:\/\/www.facebook.com\/Sudecka.kraina","article_modified_time":"2021-01-29T15:41:29+00:00","og_image":[{"url":"http:\/\/www.sudeckakraina.pl\/wp-content\/uploads\/2021\/01\/COVID-MINISTERSTWO-PLAKAT-FOT.jpg","type":"","width":"","height":""}],"twitter_card":"summary_large_image","twitter_misc":{"Szacowany czas czytania":"1 minuta"},"schema":{"@context":"https:\/\/schema.org","@graph":[{"@type":"WebPage","@id":"https:\/\/www.sudeckakraina.pl\/index.php\/zasady-bezpieczenstwa\/","url":"https:\/\/www.sudeckakraina.pl\/index.php\/zasady-bezpieczenstwa\/","name":"ZASADY BEZPIECZE\u0143STWA | Przewodnik sudecki Karkonosze spacery z lampami naftowymi","isPartOf":{"@id":"https:\/\/www.sudeckakraina.pl\/#website"},"primaryImageOfPage":{"@id":"https:\/\/www.sudeckakraina.pl\/index.php\/zasady-bezpieczenstwa\/#primaryimage"},"image":{"@id":"https:\/\/www.sudeckakraina.pl\/index.php\/zasady-bezpieczenstwa\/#primaryimage"},"thumbnailUrl":"http:\/\/www.sudeckakraina.pl\/wp-content\/uploads\/2021\/01\/COVID-MINISTERSTWO-PLAKAT-FOT.jpg","datePublished":"2021-01-25T15:54:43+00:00","dateModified":"2021-01-29T15:41:29+00:00","breadcrumb":{"@id":"https:\/\/www.sudeckakraina.pl\/index.php\/zasady-bezpieczenstwa\/#breadcrumb"},"inLanguage":"pl-PL","potentialAction":[{"@type":"ReadAction","target":["https:\/\/www.sudeckakraina.pl\/index.php\/zasady-bezpieczenstwa\/"]}]},{"@type":"ImageObject","inLanguage":"pl-PL","@id":"https:\/\/www.sudeckakraina.pl\/index.php\/zasady-bezpieczenstwa\/#primaryimage","url":"https:\/\/www.sudeckakraina.pl\/wp-content\/uploads\/2021\/01\/COVID-MINISTERSTWO-PLAKAT-FOT.jpg","contentUrl":"https:\/\/www.sudeckakraina.pl\/wp-content\/uploads\/2021\/01\/COVID-MINISTERSTWO-PLAKAT-FOT.jpg","width":416,"height":588},{"@type":"BreadcrumbList","@id":"https:\/\/www.sudeckakraina.pl\/index.php\/zasady-bezpieczenstwa\/#breadcrumb","itemListElement":[{"@type":"ListItem","position":1,"name":"Strona g\u0142\u00f3wna","item":"https:\/\/www.sudeckakraina.pl\/"},{"@type":"ListItem","position":2,"name":"ZASADY BEZPIECZE\u0143STWA"}]},{"@type":"WebSite","@id":"https:\/\/www.sudeckakraina.pl\/#website","url":"https:\/\/www.sudeckakraina.pl\/","name":"Sudecka Kraina - Karkonosze - przewodnik sudecki - spacery z lampami naftowymi","description":"Przewodnik sudecki Karkonosze  spacery z lampami naftowymi","publisher":{"@id":"https:\/\/www.sudeckakraina.pl\/#organization"},"alternateName":"Sudecka Kraina Karkonosze - przewodnik sudecki - spacery z lampami naftowymi","potentialAction":[{"@type":"SearchAction","target":{"@type":"EntryPoint","urlTemplate":"https:\/\/www.sudeckakraina.pl\/?s={search_term_string}"},"query-input":{"@type":"PropertyValueSpecification","valueRequired":true,"valueName":"search_term_string"}}],"inLanguage":"pl-PL"},{"@type":"Organization","@id":"https:\/\/www.sudeckakraina.pl\/#organization","name":"Sudecka Kraina Karkonosze przewodnik sudecki spacery z lampami naftowymi","alternateName":"Sudecka Kraina Karkonosze przewodnik sudecki spacery z lampami naftowymi","url":"https:\/\/www.sudeckakraina.pl\/","logo":{"@type":"ImageObject","inLanguage":"pl-PL","@id":"https:\/\/www.sudeckakraina.pl\/#\/schema\/logo\/image\/","url":"http:\/\/www.sudeckakraina.pl\/wp-content\/uploads\/2020\/01\/logo-bez-t\u0142a-pr\u00f3ba-1-kopia-scaled.jpg","contentUrl":"http:\/\/www.sudeckakraina.pl\/wp-content\/uploads\/2020\/01\/logo-bez-t\u0142a-pr\u00f3ba-1-kopia-scaled.jpg","width":2560,"height":2560,"caption":"Sudecka Kraina Karkonosze przewodnik sudecki spacery z lampami naftowymi"},"image":{"@id":"https:\/\/www.sudeckakraina.pl\/#\/schema\/logo\/image\/"},"sameAs":["https:\/\/www.facebook.com\/Sudecka.kraina"]}]}},"_links":{"self":[{"href":"https:\/\/www.sudeckakraina.pl\/index.php\/wp-json\/wp\/v2\/pages\/1579","targetHints":{"allow":["GET"]}}],"collection":[{"href":"https:\/\/www.sudeckakraina.pl\/index.php\/wp-json\/wp\/v2\/pages"}],"about":[{"href":"https:\/\/www.sudeckakraina.pl\/index.php\/wp-json\/wp\/v2\/types\/page"}],"author":[{"embeddable":true,"href":"https:\/\/www.sudeckakraina.pl\/index.php\/wp-json\/wp\/v2\/users\/1"}],"replies":[{"embeddable":true,"href":"https:\/\/www.sudeckakraina.pl\/index.php\/wp-json\/wp\/v2\/comments?post=1579"}],"version-history":[{"count":0,"href":"https:\/\/www.sudeckakraina.pl\/index.php\/wp-json\/wp\/v2\/pages\/1579\/revisions"}],"wp:attachment":[{"href":"https:\/\/www.sudeckakraina.pl\/index.php\/wp-json\/wp\/v2\/media?parent=1579"}],"curies":[{"name":"wp","href":"https:\/\/api.w.org\/{rel}","templated":true}]}}