{"id":2067,"date":"2021-02-16T13:52:29","date_gmt":"2021-02-16T12:52:29","guid":{"rendered":"http:\/\/www.sudeckakraina.pl\/?page_id=2067"},"modified":"2022-06-28T23:06:54","modified_gmt":"2022-06-28T21:06:54","slug":"zbojeckie-skaly-sztolnie-pirytu","status":"publish","type":"page","link":"https:\/\/www.sudeckakraina.pl\/index.php\/zbojeckie-skaly-sztolnie-pirytu\/","title":{"rendered":"ZB\u00d3JECKIE SKA\u0141Y  SZTOLNIE PIRYTU"},"content":{"rendered":"\t\t<div data-elementor-type=\"wp-page\" data-elementor-id=\"2067\" class=\"elementor elementor-2067\">\n\t\t\t\t\t\t<section class=\"elementor-section elementor-inner-section elementor-element elementor-element-268c60e2 elementor-section-content-middle elementor-section-height-min-height elementor-section-boxed elementor-section-height-default\" data-id=\"268c60e2\" data-element_type=\"section\" data-e-type=\"section\" data-settings=\"{&quot;background_background&quot;:&quot;classic&quot;}\">\n\t\t\t\t\t\t\t<div class=\"elementor-background-overlay\"><\/div>\n\t\t\t\t\t\t\t<div class=\"elementor-container elementor-column-gap-no\">\n\t\t\t\t\t<div class=\"elementor-column elementor-col-100 elementor-inner-column elementor-element elementor-element-2ce5ada1 elementor-invisible\" data-id=\"2ce5ada1\" data-element_type=\"column\" data-e-type=\"column\" data-settings=\"{&quot;animation&quot;:&quot;fadeIn&quot;,&quot;background_background&quot;:&quot;classic&quot;}\">\n\t\t\t<div class=\"elementor-widget-wrap elementor-element-populated\">\n\t\t\t\t\t\t<div class=\"elementor-element elementor-element-66b90d05 elementor-widget elementor-widget-text-editor\" data-id=\"66b90d05\" data-element_type=\"widget\" data-e-type=\"widget\" data-widget_type=\"text-editor.default\">\n\t\t\t\t<div class=\"elementor-widget-container\">\n\t\t\t\t\t\t\t\t\t<p>SZKLARSKA POR\u0118BA<\/p>\t\t\t\t\t\t\t\t<\/div>\n\t\t\t\t<\/div>\n\t\t\t\t<div class=\"elementor-element elementor-element-70ad2efe hotel-tmpl-titles elementor-invisible elementor-widget elementor-widget-heading\" data-id=\"70ad2efe\" data-element_type=\"widget\" data-e-type=\"widget\" data-settings=\"{&quot;_animation&quot;:&quot;fadeInUp&quot;,&quot;_animation_delay&quot;:100}\" data-widget_type=\"heading.default\">\n\t\t\t\t<div class=\"elementor-widget-container\">\n\t\t\t\t\t<h3 class=\"elementor-heading-title elementor-size-default\">ZB\u00d3JECKIE SKA\u0141Y PLATFORMA WIDOKOWA<\/h3>\t\t\t\t<\/div>\n\t\t\t\t<\/div>\n\t\t\t\t\t<\/div>\n\t\t<\/div>\n\t\t\t\t\t<\/div>\n\t\t<\/section>\n\t\t\t\t<section class=\"elementor-section elementor-top-section elementor-element elementor-element-6ece04dd elementor-section-boxed elementor-section-height-default elementor-section-height-default\" data-id=\"6ece04dd\" data-element_type=\"section\" data-e-type=\"section\">\n\t\t\t\t\t\t<div class=\"elementor-container elementor-column-gap-default\">\n\t\t\t\t\t<div class=\"elementor-column elementor-col-100 elementor-top-column elementor-element elementor-element-5e5a2510\" data-id=\"5e5a2510\" data-element_type=\"column\" data-e-type=\"column\">\n\t\t\t<div class=\"elementor-widget-wrap elementor-element-populated\">\n\t\t\t\t\t\t<div class=\"elementor-element elementor-element-6630bc elementor-widget elementor-widget-text-editor\" data-id=\"6630bc\" data-element_type=\"widget\" data-e-type=\"widget\" data-widget_type=\"text-editor.default\">\n\t\t\t\t<div class=\"elementor-widget-container\">\n\t\t\t\t\t\t\t\t\t<p><div id=\"pl-gb2067-6a05f72b47edc\"  class=\"panel-layout\" ><div id=\"pg-gb2067-6a05f72b47edc-0\"  class=\"panel-grid panel-has-style\" ><div class=\"siteorigin-panels-stretch panel-row-style panel-row-style-for-gb2067-6a05f72b47edc-0\" data-stretch-type=\"full\" ><div id=\"pgc-gb2067-6a05f72b47edc-0-0\"  class=\"panel-grid-cell\" ><div id=\"panel-gb2067-6a05f72b47edc-0-0-0\" class=\"so-panel widget widget_sow-image panel-first-child\" data-index=\"0\" ><div\n\t\t\t\n\t\t\tclass=\"so-widget-sow-image so-widget-sow-image-default-8b5b6f678277-2067\"\n\t\t\t\n\t\t><\/div><\/div><div id=\"panel-gb2067-6a05f72b47edc-0-0-1\" class=\"so-panel widget widget_sow-button\" data-index=\"1\" ><div\n\t\t\t\n\t\t\tclass=\"so-widget-sow-button so-widget-sow-button-wire-2cfc30c770ff-2067\"\n\t\t\t\n\t\t><div class=\"ow-button-base ow-button-align-left\"\n>\n\t\t\t<a\n\t\t\t\t\thref=\"http:\/\/www.sudeckakraina.pl\/index.php\/wyslij-wiadomosc\/\"\n\t\t\t\t\tclass=\"sowb-button ow-icon-placement-left ow-button-hover\" \t>\n\t\t<span>\n\t\t\t\n\t\t\tZAPISZ SI\u0118\t\t<\/span>\n\t\t\t<\/a>\n\t<\/div>\n<\/div><\/div><div id=\"panel-gb2067-6a05f72b47edc-0-0-2\" class=\"so-panel widget widget_sow-button\" data-index=\"2\" ><div\n\t\t\t\n\t\t\tclass=\"so-widget-sow-button so-widget-sow-button-wire-2cfc30c770ff-2067\"\n\t\t\t\n\t\t><div class=\"ow-button-base ow-button-align-left\"\n>\n\t\t\t<a\n\t\t\t\t\thref=\"http:\/\/www.sudeckakraina.pl\/index.php\/zasady-bezpieczenstwa\/\"\n\t\t\t\t\tclass=\"sowb-button ow-icon-placement-left ow-button-hover\" \t>\n\t\t<span>\n\t\t\t\n\t\t\tZAPOZNAJ SI\u0118 Z ZASADAMI BEZPIECZE\u0143STWA\t\t<\/span>\n\t\t\t<\/a>\n\t<\/div>\n<\/div><\/div><div id=\"panel-gb2067-6a05f72b47edc-0-0-3\" class=\"so-panel widget widget_sow-editor panel-last-child\" data-index=\"3\" ><div\n\t\t\t\n\t\t\tclass=\"so-widget-sow-editor so-widget-sow-editor-base\"\n\t\t\t\n\t\t>\n<div class=\"siteorigin-widget-tinymce textwidget\">\n\t<\/div>\n<\/div><\/div><\/div><div id=\"pgc-gb2067-6a05f72b47edc-0-1\"  class=\"panel-grid-cell\" ><div id=\"panel-gb2067-6a05f72b47edc-0-1-0\" class=\"so-panel widget widget_sow-editor panel-first-child\" data-index=\"4\" ><div\n\t\t\t\n\t\t\tclass=\"so-widget-sow-editor so-widget-sow-editor-base\"\n\t\t\t\n\t\t>\n<div class=\"siteorigin-widget-tinymce textwidget\">\n\t<h1><span style=\"color: #000000;\">Wiecz\u00f3r z lampami na Zb\u00f3jeckich Ska\u0142ach i w Sztolniach Pirytu.<\/span><\/h1>\n<p>&nbsp;<\/p>\n<div class=\"kvgmc6g5 cxmmr5t8 oygrvhab hcukyx3x c1et5uql\">Zapraszamy na wiecz\u00f3r z lampami naftowymi na Zb\u00f3jeckich Ska\u0142ach i Sztolniach Pirytu. Te mniej znane zak\u0105tki Szklarskiej Por\u0119by Dolnej kryj\u0105 wiele ciekawostek i tajemnic. Mi\u0119dzy innymi odkryjemy Zb\u00f3jeckie Ska\u0142y i co si\u0119 za t\u0105 nazw\u0105 kryje, opowiemy o Mniszym Lesie, zobaczymy pi\u0119kny widok na Karkonosze w wieczornej aurze, udamy si\u0119 do Sztolni Pirytu, opowiemy o poszukiwaczach cennych kruszc\u00f3w, czym jest z\u0142oto g\u0142upc\u00f3w, jak produkowano szk\u0142o. B\u0119dzie te\u017c o\u2026 I tu mo\u017ce postawmy kropk\u0119.<br \/>\nTrasa jest lekka, \u0142atwa i przyjemna\u2026 no i pe\u0142na tajemnic oczywi\u015bcie<\/div>\n<div class=\"o9v6fnle cxmmr5t8 oygrvhab hcukyx3x c1et5uql\">UWAGA:<\/div>\n<div class=\"o9v6fnle cxmmr5t8 oygrvhab hcukyx3x c1et5uql\">Organizowane wydarzenie odbywa si\u0119 w trybie treningu grupowych zaj\u0119\u0107 sportowych turystyki kwalifikowanej (rekreacyjno \u2013 krajoznawczej), prowadzonych przez trenera \u2013 przewodnika sudeckiego, wyspecjalizowanego w prowadzeniu tego typu zaj\u0119\u0107.<br \/>\nSudecka Kraina zastrzega, \u017ce w razie niekorzystnych warunk\u00f3w pogodowych, lub niskiej frekwencji, wieczorny spacer z lampami naftowymi mo\u017ce by\u0107 przeniesiony na inny termin.<\/div>\n<div><\/div>\n<div class=\"o9v6fnle cxmmr5t8 oygrvhab hcukyx3x c1et5uql\">WA\u017bNE INFORMACJE:<\/div>\n<div class=\"o9v6fnle cxmmr5t8 oygrvhab hcukyx3x c1et5uql\">- Rezerwacja wy\u0142\u0105cznie pod adresem mailowym: sudeckakraina@o2.pl<br \/>\n- Miejsce spotkania: Szklarska Por\u0119ba Dolna \u2013 PARKING przy Ko\u015bciele Niepokalanego Serca NMP<br \/>\n- Str\u00f3j dopasowany do warunk\u00f3w zewn\u0119trznych,<br \/>\n- Buty najlepiej za kostk\u0119, w razie trudnych warunk\u00f3w raczki<\/div>\n<div class=\"o9v6fnle cxmmr5t8 oygrvhab hcukyx3x c1et5uql\">Uczestnicy otrzymaj\u0105 na czas spaceru lampy naftowe.<br \/>\nUbezpieczenie NNW - we w\u0142asnym zakresie. Udzia\u0142 mog\u0105 bra\u0107 osoby pe\u0142noletnie oraz osoby niepe\u0142noletnie pod opiek\u0105 pe\u0142noprawnych opiekun\u00f3w.<\/div>\n<div><\/div>\n<div class=\"o9v6fnle cxmmr5t8 oygrvhab hcukyx3x c1et5uql\">Ze wzgl\u0119du na sytuacj\u0119 epidemiologiczn\u0105, zgodnie z Rozporz\u0105dzeniem Rady Ministr\u00f3w, w czasie wycieczki obowi\u0105zuje zachowanie dwumetrowego dystansu, lub zakrywanie ust i nosa. Uczestnicy wycieczki zobowi\u0105zani s\u0105 do posiadania i u\u017cywania indywidualnych \u015brodk\u00f3w do odka\u017cania r\u0105k.<\/div>\n<div><\/div>\n<div>\n<p>UWAGA: Zapisanie si\u0119 i korzystanie z us\u0142ug B.T. Sudecka Kraina wi\u0105\u017ce si\u0119 z akceptacj\u0105 i przestrzeganiem REGULAMINU dost\u0119pnego na naszej stronie interntowej<\/p>\n<p><a href=\"http:\/\/www.sudeckakraina.pl\/index.php\/regulamin\/\">CZYTAJ REGULAMIN<\/a><\/p>\n<div class=\"o9v6fnle cxmmr5t8 oygrvhab hcukyx3x c1et5uql\">\n<div class=\"oajrlxb2 g5ia77u1 qu0x051f esr5mh6w e9989ue4 r7d6kgcz rq0escxv nhd2j8a9 nc684nl6 p7hjln8o kvgmc6g5 cxmmr5t8 oygrvhab hcukyx3x jb3vyjys rz4wbd8a qt6c0cv9 a8nywdso i1ao9s8h esuyzwwr f1sip0of lzcic4wl oo9gr5id gpro0wi8 lrazzd5p\" tabindex=\"0\" role=\"button\"><\/div>\n<\/div>\n<\/div>\n<div><\/div>\n<div><\/div>\n<div><\/div>\n<\/div>\n<\/div><\/div><div id=\"panel-gb2067-6a05f72b47edc-0-1-1\" class=\"so-panel widget widget_sow-editor panel-last-child\" data-index=\"5\" ><div\n\t\t\t\n\t\t\tclass=\"so-widget-sow-editor so-widget-sow-editor-base\"\n\t\t\t\n\t\t>\n<div class=\"siteorigin-widget-tinymce textwidget\">\n\t<\/div>\n<\/div><\/div><\/div><\/div><\/div><\/div><\/p>\t\t\t\t\t\t\t\t<\/div>\n\t\t\t\t<\/div>\n\t\t\t\t\t<\/div>\n\t\t<\/div>\n\t\t\t\t\t<\/div>\n\t\t<\/section>\n\t\t\t\t<section class=\"elementor-section elementor-top-section elementor-element elementor-element-3ed36004 elementor-section-content-middle elementor-section-stretched elementor-section-height-min-height elementor-section-items-stretch elementor-section-boxed elementor-section-height-default\" data-id=\"3ed36004\" data-element_type=\"section\" data-e-type=\"section\" data-settings=\"{&quot;background_background&quot;:&quot;classic&quot;,&quot;stretch_section&quot;:&quot;section-stretched&quot;}\">\n\t\t\t\t\t\t\t<div class=\"elementor-background-overlay\"><\/div>\n\t\t\t\t\t\t\t<div class=\"elementor-container elementor-column-gap-default\">\n\t\t\t\t\t<div class=\"elementor-column elementor-col-100 elementor-top-column elementor-element elementor-element-6f4642d7\" data-id=\"6f4642d7\" data-element_type=\"column\" data-e-type=\"column\" data-settings=\"{&quot;background_background&quot;:&quot;classic&quot;}\">\n\t\t\t<div class=\"elementor-widget-wrap elementor-element-populated\">\n\t\t\t\t\t<div class=\"elementor-background-overlay\"><\/div>\n\t\t\t\t\t\t<div class=\"elementor-element elementor-element-e583cf9 elementor-widget elementor-widget-heading\" data-id=\"e583cf9\" data-element_type=\"widget\" data-e-type=\"widget\" data-widget_type=\"heading.default\">\n\t\t\t\t<div class=\"elementor-widget-container\">\n\t\t\t\t\t<h2 class=\"elementor-heading-title elementor-size-default\">Lokalizacja<\/h2>\t\t\t\t<\/div>\n\t\t\t\t<\/div>\n\t\t\t\t<div class=\"elementor-element elementor-element-19ba2600 elementor-widget-divider--view-line elementor-widget elementor-widget-divider\" data-id=\"19ba2600\" data-element_type=\"widget\" data-e-type=\"widget\" data-widget_type=\"divider.default\">\n\t\t\t\t<div class=\"elementor-widget-container\">\n\t\t\t\t\t\t\t<div class=\"elementor-divider\">\n\t\t\t<span class=\"elementor-divider-separator\">\n\t\t\t\t\t\t<\/span>\n\t\t<\/div>\n\t\t\t\t\t\t<\/div>\n\t\t\t\t<\/div>\n\t\t\t\t<div class=\"elementor-element elementor-element-35388c04 elementor-widget elementor-widget-text-editor\" data-id=\"35388c04\" data-element_type=\"widget\" data-e-type=\"widget\" data-widget_type=\"text-editor.default\">\n\t\t\t\t<div class=\"elementor-widget-container\">\n\t\t\t\t\t\t\t\t\t<p>ul. Wary\u0144skiego 2, 58-580 Szklarska Por\u0119ba<\/p>\t\t\t\t\t\t\t\t<\/div>\n\t\t\t\t<\/div>\n\t\t\t\t<div class=\"elementor-element elementor-element-35fab59a elementor-widget elementor-widget-spacer\" data-id=\"35fab59a\" data-element_type=\"widget\" data-e-type=\"widget\" data-widget_type=\"spacer.default\">\n\t\t\t\t<div class=\"elementor-widget-container\">\n\t\t\t\t\t\t\t<div class=\"elementor-spacer\">\n\t\t\t<div class=\"elementor-spacer-inner\"><\/div>\n\t\t<\/div>\n\t\t\t\t\t\t<\/div>\n\t\t\t\t<\/div>\n\t\t\t\t<div class=\"elementor-element elementor-element-76f05cc1 elementor-widget elementor-widget-google_maps\" data-id=\"76f05cc1\" data-element_type=\"widget\" data-e-type=\"widget\" data-widget_type=\"google_maps.default\">\n\t\t\t\t<div class=\"elementor-widget-container\">\n\t\t\t\t\t\t\t<div class=\"elementor-custom-embed\">\n\t\t\t<iframe loading=\"lazy\"\n\t\t\t\t\tsrc=\"https:\/\/maps.google.com\/maps?q=ul.%20Wary%C5%84skiego%202%2C%2058-580%20Szklarska%20Por%C4%99ba&#038;t=m&#038;z=10&#038;output=embed&#038;iwloc=near\"\n\t\t\t\t\ttitle=\"ul. Wary\u0144skiego 2, 58-580 Szklarska Por\u0119ba\"\n\t\t\t\t\taria-label=\"ul. Wary\u0144skiego 2, 58-580 Szklarska Por\u0119ba\"\n\t\t\t><\/iframe>\n\t\t<\/div>\n\t\t\t\t\t\t<\/div>\n\t\t\t\t<\/div>\n\t\t\t\t\t<\/div>\n\t\t<\/div>\n\t\t\t\t\t<\/div>\n\t\t<\/section>\n\t\t\t\t<\/div>\n\t\t","protected":false},"excerpt":{"rendered":"<p>SZKLARSKA POR\u0118BA ZB\u00d3JECKIE SKA\u0141Y PLATFORMA WIDOKOWA Lokalizacja ul. Wary\u0144skiego 2, 58-580 Szklarska Por\u0119ba<\/p>\n","protected":false},"author":1,"featured_media":0,"parent":0,"menu_order":0,"comment_status":"closed","ping_status":"closed","template":"elementor_header_footer","meta":{"_acf_changed":false,"_monsterinsights_skip_tracking":false,"_monsterinsights_sitenote_active":false,"_monsterinsights_sitenote_note":"","_monsterinsights_sitenote_category":0,"site-sidebar-layout":"default","site-content-layout":"page-builder","ast-site-content-layout":"default","site-content-style":"default","site-sidebar-style":"default","ast-global-header-display":"","ast-banner-title-visibility":"","ast-main-header-display":"","ast-hfb-above-header-display":"","ast-hfb-below-header-display":"","ast-hfb-mobile-header-display":"","site-post-title":"","ast-breadcrumbs-content":"","ast-featured-img":"","footer-sml-layout":"","ast-disable-related-posts":"","theme-transparent-header-meta":"","adv-header-id-meta":"","stick-header-meta":"","header-above-stick-meta":"","header-main-stick-meta":"","header-below-stick-meta":"","astra-migrate-meta-layouts":"default","ast-page-background-enabled":"default","ast-page-background-meta":{"desktop":{"background-color":"var(--ast-global-color-4)","background-image":"","background-repeat":"repeat","background-position":"center center","background-size":"auto","background-attachment":"scroll","background-type":"","background-media":"","overlay-type":"","overlay-color":"","overlay-opacity":"","overlay-gradient":""},"tablet":{"background-color":"","background-image":"","background-repeat":"repeat","background-position":"center center","background-size":"auto","background-attachment":"scroll","background-type":"","background-media":"","overlay-type":"","overlay-color":"","overlay-opacity":"","overlay-gradient":""},"mobile":{"background-color":"","background-image":"","background-repeat":"repeat","background-position":"center center","background-size":"auto","background-attachment":"scroll","background-type":"","background-media":"","overlay-type":"","overlay-color":"","overlay-opacity":"","overlay-gradient":""}},"ast-content-background-meta":{"desktop":{"background-color":"var(--ast-global-color-5)","background-image":"","background-repeat":"repeat","background-position":"center center","background-size":"auto","background-attachment":"scroll","background-type":"","background-media":"","overlay-type":"","overlay-color":"","overlay-opacity":"","overlay-gradient":""},"tablet":{"background-color":"var(--ast-global-color-5)","background-image":"","background-repeat":"repeat","background-position":"center center","background-size":"auto","background-attachment":"scroll","background-type":"","background-media":"","overlay-type":"","overlay-color":"","overlay-opacity":"","overlay-gradient":""},"mobile":{"background-color":"var(--ast-global-color-5)","background-image":"","background-repeat":"repeat","background-position":"center center","background-size":"auto","background-attachment":"scroll","background-type":"","background-media":"","overlay-type":"","overlay-color":"","overlay-opacity":"","overlay-gradient":""}},"footnotes":""},"class_list":["post-2067","page","type-page","status-publish","hentry"],"acf":[],"yoast_head":"<!-- This site is optimized with the Yoast SEO plugin v27.6 - https:\/\/yoast.com\/product\/yoast-seo-wordpress\/ -->\n<title>ZB\u00d3JECKIE SKA\u0141Y SZTOLNIE PIRYTU | Przewodnik sudecki Karkonosze spacery z lampami naftowymi<\/title>\n<meta name=\"robots\" content=\"index, follow, max-snippet:-1, max-image-preview:large, max-video-preview:-1\" \/>\n<link rel=\"canonical\" href=\"https:\/\/www.sudeckakraina.pl\/index.php\/zbojeckie-skaly-sztolnie-pirytu\/\" \/>\n<meta property=\"og:locale\" content=\"pl_PL\" \/>\n<meta property=\"og:type\" content=\"article\" \/>\n<meta property=\"og:title\" content=\"ZB\u00d3JECKIE SKA\u0141Y SZTOLNIE PIRYTU | Przewodnik sudecki Karkonosze spacery z lampami naftowymi\" \/>\n<meta property=\"og:description\" content=\"SZKLARSKA POR\u0118BA ZB\u00d3JECKIE SKA\u0141Y PLATFORMA WIDOKOWA Lokalizacja ul. Wary\u0144skiego 2, 58-580 Szklarska Por\u0119ba\" \/>\n<meta property=\"og:url\" content=\"https:\/\/www.sudeckakraina.pl\/index.php\/zbojeckie-skaly-sztolnie-pirytu\/\" \/>\n<meta property=\"og:site_name\" content=\"Przewodnik sudecki Karkonosze spacery z lampami naftowymi\" \/>\n<meta property=\"article:publisher\" content=\"https:\/\/www.facebook.com\/Sudecka.kraina\" \/>\n<meta property=\"article:modified_time\" content=\"2022-06-28T21:06:54+00:00\" \/>\n<meta property=\"og:image\" content=\"https:\/\/www.sudeckakraina.pl\/wp-content\/uploads\/2023\/02\/Jaroslaw-Szczyzowski-sudecka-kraina.jpg\" \/>\n\t<meta property=\"og:image:width\" content=\"723\" \/>\n\t<meta property=\"og:image:height\" content=\"867\" \/>\n\t<meta property=\"og:image:type\" content=\"image\/jpeg\" \/>\n<meta name=\"twitter:card\" content=\"summary_large_image\" \/>\n<meta name=\"twitter:label1\" content=\"Szacowany czas czytania\" \/>\n\t<meta name=\"twitter:data1\" content=\"1 minuta\" \/>\n<script type=\"application\/ld+json\" class=\"yoast-schema-graph\">{\"@context\":\"https:\\\/\\\/schema.org\",\"@graph\":[{\"@type\":\"WebPage\",\"@id\":\"https:\\\/\\\/www.sudeckakraina.pl\\\/index.php\\\/zbojeckie-skaly-sztolnie-pirytu\\\/\",\"url\":\"https:\\\/\\\/www.sudeckakraina.pl\\\/index.php\\\/zbojeckie-skaly-sztolnie-pirytu\\\/\",\"name\":\"ZB\u00d3JECKIE SKA\u0141Y SZTOLNIE PIRYTU | Przewodnik sudecki Karkonosze spacery z lampami naftowymi\",\"isPartOf\":{\"@id\":\"https:\\\/\\\/www.sudeckakraina.pl\\\/#website\"},\"datePublished\":\"2021-02-16T12:52:29+00:00\",\"dateModified\":\"2022-06-28T21:06:54+00:00\",\"breadcrumb\":{\"@id\":\"https:\\\/\\\/www.sudeckakraina.pl\\\/index.php\\\/zbojeckie-skaly-sztolnie-pirytu\\\/#breadcrumb\"},\"inLanguage\":\"pl-PL\",\"potentialAction\":[{\"@type\":\"ReadAction\",\"target\":[\"https:\\\/\\\/www.sudeckakraina.pl\\\/index.php\\\/zbojeckie-skaly-sztolnie-pirytu\\\/\"]}]},{\"@type\":\"BreadcrumbList\",\"@id\":\"https:\\\/\\\/www.sudeckakraina.pl\\\/index.php\\\/zbojeckie-skaly-sztolnie-pirytu\\\/#breadcrumb\",\"itemListElement\":[{\"@type\":\"ListItem\",\"position\":1,\"name\":\"Strona g\u0142\u00f3wna\",\"item\":\"https:\\\/\\\/www.sudeckakraina.pl\\\/\"},{\"@type\":\"ListItem\",\"position\":2,\"name\":\"ZB\u00d3JECKIE SKA\u0141Y SZTOLNIE PIRYTU\"}]},{\"@type\":\"WebSite\",\"@id\":\"https:\\\/\\\/www.sudeckakraina.pl\\\/#website\",\"url\":\"https:\\\/\\\/www.sudeckakraina.pl\\\/\",\"name\":\"Sudecka Kraina - Karkonosze - przewodnik sudecki - spacery z lampami naftowymi\",\"description\":\"Przewodnik sudecki Karkonosze  spacery z lampami naftowymi\",\"publisher\":{\"@id\":\"https:\\\/\\\/www.sudeckakraina.pl\\\/#organization\"},\"alternateName\":\"Sudecka Kraina Karkonosze - przewodnik sudecki - spacery z lampami naftowymi\",\"potentialAction\":[{\"@type\":\"SearchAction\",\"target\":{\"@type\":\"EntryPoint\",\"urlTemplate\":\"https:\\\/\\\/www.sudeckakraina.pl\\\/?s={search_term_string}\"},\"query-input\":{\"@type\":\"PropertyValueSpecification\",\"valueRequired\":true,\"valueName\":\"search_term_string\"}}],\"inLanguage\":\"pl-PL\"},{\"@type\":\"Organization\",\"@id\":\"https:\\\/\\\/www.sudeckakraina.pl\\\/#organization\",\"name\":\"Sudecka Kraina Karkonosze przewodnik sudecki spacery z lampami naftowymi\",\"alternateName\":\"Sudecka Kraina Karkonosze przewodnik sudecki spacery z lampami naftowymi\",\"url\":\"https:\\\/\\\/www.sudeckakraina.pl\\\/\",\"logo\":{\"@type\":\"ImageObject\",\"inLanguage\":\"pl-PL\",\"@id\":\"https:\\\/\\\/www.sudeckakraina.pl\\\/#\\\/schema\\\/logo\\\/image\\\/\",\"url\":\"http:\\\/\\\/www.sudeckakraina.pl\\\/wp-content\\\/uploads\\\/2020\\\/01\\\/logo-bez-t\u0142a-pr\u00f3ba-1-kopia-scaled.jpg\",\"contentUrl\":\"http:\\\/\\\/www.sudeckakraina.pl\\\/wp-content\\\/uploads\\\/2020\\\/01\\\/logo-bez-t\u0142a-pr\u00f3ba-1-kopia-scaled.jpg\",\"width\":2560,\"height\":2560,\"caption\":\"Sudecka Kraina Karkonosze przewodnik sudecki spacery z lampami naftowymi\"},\"image\":{\"@id\":\"https:\\\/\\\/www.sudeckakraina.pl\\\/#\\\/schema\\\/logo\\\/image\\\/\"},\"sameAs\":[\"https:\\\/\\\/www.facebook.com\\\/Sudecka.kraina\"]}]}<\/script>\n<!-- \/ Yoast SEO plugin. -->","yoast_head_json":{"title":"ZB\u00d3JECKIE SKA\u0141Y SZTOLNIE PIRYTU | Przewodnik sudecki Karkonosze spacery z lampami naftowymi","robots":{"index":"index","follow":"follow","max-snippet":"max-snippet:-1","max-image-preview":"max-image-preview:large","max-video-preview":"max-video-preview:-1"},"canonical":"https:\/\/www.sudeckakraina.pl\/index.php\/zbojeckie-skaly-sztolnie-pirytu\/","og_locale":"pl_PL","og_type":"article","og_title":"ZB\u00d3JECKIE SKA\u0141Y SZTOLNIE PIRYTU | Przewodnik sudecki Karkonosze spacery z lampami naftowymi","og_description":"SZKLARSKA POR\u0118BA ZB\u00d3JECKIE SKA\u0141Y PLATFORMA WIDOKOWA Lokalizacja ul. Wary\u0144skiego 2, 58-580 Szklarska Por\u0119ba","og_url":"https:\/\/www.sudeckakraina.pl\/index.php\/zbojeckie-skaly-sztolnie-pirytu\/","og_site_name":"Przewodnik sudecki Karkonosze spacery z lampami naftowymi","article_publisher":"https:\/\/www.facebook.com\/Sudecka.kraina","article_modified_time":"2022-06-28T21:06:54+00:00","og_image":[{"width":723,"height":867,"url":"https:\/\/www.sudeckakraina.pl\/wp-content\/uploads\/2023\/02\/Jaroslaw-Szczyzowski-sudecka-kraina.jpg","type":"image\/jpeg"}],"twitter_card":"summary_large_image","twitter_misc":{"Szacowany czas czytania":"1 minuta"},"schema":{"@context":"https:\/\/schema.org","@graph":[{"@type":"WebPage","@id":"https:\/\/www.sudeckakraina.pl\/index.php\/zbojeckie-skaly-sztolnie-pirytu\/","url":"https:\/\/www.sudeckakraina.pl\/index.php\/zbojeckie-skaly-sztolnie-pirytu\/","name":"ZB\u00d3JECKIE SKA\u0141Y SZTOLNIE PIRYTU | Przewodnik sudecki Karkonosze spacery z lampami naftowymi","isPartOf":{"@id":"https:\/\/www.sudeckakraina.pl\/#website"},"datePublished":"2021-02-16T12:52:29+00:00","dateModified":"2022-06-28T21:06:54+00:00","breadcrumb":{"@id":"https:\/\/www.sudeckakraina.pl\/index.php\/zbojeckie-skaly-sztolnie-pirytu\/#breadcrumb"},"inLanguage":"pl-PL","potentialAction":[{"@type":"ReadAction","target":["https:\/\/www.sudeckakraina.pl\/index.php\/zbojeckie-skaly-sztolnie-pirytu\/"]}]},{"@type":"BreadcrumbList","@id":"https:\/\/www.sudeckakraina.pl\/index.php\/zbojeckie-skaly-sztolnie-pirytu\/#breadcrumb","itemListElement":[{"@type":"ListItem","position":1,"name":"Strona g\u0142\u00f3wna","item":"https:\/\/www.sudeckakraina.pl\/"},{"@type":"ListItem","position":2,"name":"ZB\u00d3JECKIE SKA\u0141Y SZTOLNIE PIRYTU"}]},{"@type":"WebSite","@id":"https:\/\/www.sudeckakraina.pl\/#website","url":"https:\/\/www.sudeckakraina.pl\/","name":"Sudecka Kraina - Karkonosze - przewodnik sudecki - spacery z lampami naftowymi","description":"Przewodnik sudecki Karkonosze  spacery z lampami naftowymi","publisher":{"@id":"https:\/\/www.sudeckakraina.pl\/#organization"},"alternateName":"Sudecka Kraina Karkonosze - przewodnik sudecki - spacery z lampami naftowymi","potentialAction":[{"@type":"SearchAction","target":{"@type":"EntryPoint","urlTemplate":"https:\/\/www.sudeckakraina.pl\/?s={search_term_string}"},"query-input":{"@type":"PropertyValueSpecification","valueRequired":true,"valueName":"search_term_string"}}],"inLanguage":"pl-PL"},{"@type":"Organization","@id":"https:\/\/www.sudeckakraina.pl\/#organization","name":"Sudecka Kraina Karkonosze przewodnik sudecki spacery z lampami naftowymi","alternateName":"Sudecka Kraina Karkonosze przewodnik sudecki spacery z lampami naftowymi","url":"https:\/\/www.sudeckakraina.pl\/","logo":{"@type":"ImageObject","inLanguage":"pl-PL","@id":"https:\/\/www.sudeckakraina.pl\/#\/schema\/logo\/image\/","url":"http:\/\/www.sudeckakraina.pl\/wp-content\/uploads\/2020\/01\/logo-bez-t\u0142a-pr\u00f3ba-1-kopia-scaled.jpg","contentUrl":"http:\/\/www.sudeckakraina.pl\/wp-content\/uploads\/2020\/01\/logo-bez-t\u0142a-pr\u00f3ba-1-kopia-scaled.jpg","width":2560,"height":2560,"caption":"Sudecka Kraina Karkonosze przewodnik sudecki spacery z lampami naftowymi"},"image":{"@id":"https:\/\/www.sudeckakraina.pl\/#\/schema\/logo\/image\/"},"sameAs":["https:\/\/www.facebook.com\/Sudecka.kraina"]}]}},"_links":{"self":[{"href":"https:\/\/www.sudeckakraina.pl\/index.php\/wp-json\/wp\/v2\/pages\/2067","targetHints":{"allow":["GET"]}}],"collection":[{"href":"https:\/\/www.sudeckakraina.pl\/index.php\/wp-json\/wp\/v2\/pages"}],"about":[{"href":"https:\/\/www.sudeckakraina.pl\/index.php\/wp-json\/wp\/v2\/types\/page"}],"author":[{"embeddable":true,"href":"https:\/\/www.sudeckakraina.pl\/index.php\/wp-json\/wp\/v2\/users\/1"}],"replies":[{"embeddable":true,"href":"https:\/\/www.sudeckakraina.pl\/index.php\/wp-json\/wp\/v2\/comments?post=2067"}],"version-history":[{"count":0,"href":"https:\/\/www.sudeckakraina.pl\/index.php\/wp-json\/wp\/v2\/pages\/2067\/revisions"}],"wp:attachment":[{"href":"https:\/\/www.sudeckakraina.pl\/index.php\/wp-json\/wp\/v2\/media?parent=2067"}],"curies":[{"name":"wp","href":"https:\/\/api.w.org\/{rel}","templated":true}]}}