{"id":6285,"date":"2022-03-21T12:13:59","date_gmt":"2022-03-21T11:13:59","guid":{"rendered":"http:\/\/www.sudeckakraina.pl\/?page_id=6285"},"modified":"2022-04-01T20:28:49","modified_gmt":"2022-04-01T18:28:49","slug":"pytania","status":"publish","type":"page","link":"https:\/\/www.sudeckakraina.pl\/index.php\/pytania\/","title":{"rendered":"PYTANIA"},"content":{"rendered":"\t\t<div data-elementor-type=\"wp-page\" data-elementor-id=\"6285\" class=\"elementor elementor-6285\">\n\t\t\t\t\t\t<section class=\"elementor-section elementor-inner-section elementor-element elementor-element-57148106 elementor-section-content-middle elementor-section-height-min-height elementor-section-boxed elementor-section-height-default\" data-id=\"57148106\" data-element_type=\"section\" data-settings=\"{&quot;background_background&quot;:&quot;classic&quot;}\">\n\t\t\t\t\t\t\t<div class=\"elementor-background-overlay\"><\/div>\n\t\t\t\t\t\t\t<div class=\"elementor-container elementor-column-gap-no\">\n\t\t\t\t\t<div class=\"elementor-column elementor-col-100 elementor-inner-column elementor-element elementor-element-4334070e elementor-invisible\" data-id=\"4334070e\" data-element_type=\"column\" data-settings=\"{&quot;animation&quot;:&quot;fadeIn&quot;,&quot;background_background&quot;:&quot;classic&quot;}\">\n\t\t\t<div class=\"elementor-widget-wrap elementor-element-populated\">\n\t\t\t\t\t\t<div class=\"elementor-element elementor-element-7584f6a7 hotel-tmpl-titles elementor-invisible elementor-widget elementor-widget-heading\" data-id=\"7584f6a7\" data-element_type=\"widget\" data-settings=\"{&quot;_animation&quot;:&quot;fadeInUp&quot;,&quot;_animation_delay&quot;:100}\" data-widget_type=\"heading.default\">\n\t\t\t\t<div class=\"elementor-widget-container\">\n\t\t\t\t\t<h3 class=\"elementor-heading-title elementor-size-default\">ODPOWIEDZI NA NAJCZ\u0118\u015aCIEJ ZADAWANE PYTANIA...<\/h3>\t\t\t\t<\/div>\n\t\t\t\t<\/div>\n\t\t\t\t\t<\/div>\n\t\t<\/div>\n\t\t\t\t\t<\/div>\n\t\t<\/section>\n\t\t\t\t<section class=\"elementor-section elementor-top-section elementor-element elementor-element-faea6e3 elementor-section-boxed elementor-section-height-default elementor-section-height-default\" data-id=\"faea6e3\" data-element_type=\"section\">\n\t\t\t\t\t\t<div class=\"elementor-container elementor-column-gap-default\">\n\t\t\t\t\t<div class=\"elementor-column elementor-col-100 elementor-top-column elementor-element elementor-element-afb66ac\" data-id=\"afb66ac\" data-element_type=\"column\">\n\t\t\t<div class=\"elementor-widget-wrap\">\n\t\t\t\t\t\t\t<\/div>\n\t\t<\/div>\n\t\t\t\t\t<\/div>\n\t\t<\/section>\n\t\t\t\t<section class=\"elementor-section elementor-top-section elementor-element elementor-element-12ac8b1b elementor-section-content-middle envato-kit-141-top-0 elementor-section-boxed elementor-section-height-default elementor-section-height-default\" data-id=\"12ac8b1b\" data-element_type=\"section\" data-settings=\"{&quot;background_background&quot;:&quot;classic&quot;}\">\n\t\t\t\t\t\t\t<div class=\"elementor-background-overlay\"><\/div>\n\t\t\t\t\t\t\t<div class=\"elementor-container elementor-column-gap-wide\">\n\t\t\t\t\t<div class=\"elementor-column elementor-col-100 elementor-top-column elementor-element elementor-element-43382eac\" data-id=\"43382eac\" data-element_type=\"column\">\n\t\t\t<div class=\"elementor-widget-wrap elementor-element-populated\">\n\t\t\t\t\t\t<section class=\"elementor-section elementor-inner-section elementor-element elementor-element-10017150 elementor-section-boxed elementor-section-height-default elementor-section-height-default\" data-id=\"10017150\" data-element_type=\"section\">\n\t\t\t\t\t\t<div class=\"elementor-container elementor-column-gap-no\">\n\t\t\t\t\t<div class=\"elementor-column elementor-col-100 elementor-inner-column elementor-element elementor-element-4175fe4a\" data-id=\"4175fe4a\" data-element_type=\"column\">\n\t\t\t<div class=\"elementor-widget-wrap elementor-element-populated\">\n\t\t\t\t\t\t<div class=\"elementor-element elementor-element-6a09dc7e elementor-widget elementor-widget-spacer\" data-id=\"6a09dc7e\" data-element_type=\"widget\" data-widget_type=\"spacer.default\">\n\t\t\t\t<div class=\"elementor-widget-container\">\n\t\t\t\t\t\t\t<div class=\"elementor-spacer\">\n\t\t\t<div class=\"elementor-spacer-inner\"><\/div>\n\t\t<\/div>\n\t\t\t\t\t\t<\/div>\n\t\t\t\t<\/div>\n\t\t\t\t<div class=\"elementor-element elementor-element-68da7341 elementor-widget elementor-widget-text-editor\" data-id=\"68da7341\" data-element_type=\"widget\" data-widget_type=\"text-editor.default\">\n\t\t\t\t<div class=\"elementor-widget-container\">\n\t\t\t\t\t\t\t\t\t<ol><li><p><span style=\"font-family: Arial, sans-serif;\">Czy na spacery mo\u017cemy zabra\u0107 psa?<\/span><\/p><\/li><\/ol><p><span style=\"font-family: Arial, sans-serif;\">Tak, na spacer z lampami naftowymi mo\u017cesz zabra\u0107 psa, ale pami\u0119taj, \u017ce mo\u017ce to nie by\u0107 jedyny pupil, dlatego miej przygotowan\u0105 smycz i kaganiec.<\/span><\/p><ol start=\"2\"><li><p><span style=\"font-family: Arial, sans-serif;\">Czy na spacery musimy zabiera\u0107 lamp\u0119 naftow\u0105?<\/span><\/p><\/li><\/ol><p><span style=\"font-family: Arial, sans-serif;\">Nie, nie musisz zabiera\u0107 lampy naftowej. Sudecka Kraina, jako organizator zapewnia lampy na czas spaceru.<\/span><\/p><ol start=\"3\"><li><p><span style=\"font-family: Arial, sans-serif;\">Czy mo\u017cna p\u0142aci\u0107 kart\u0105?<\/span><\/p><\/li><\/ol><p><span style=\"font-family: Arial, sans-serif;\">Na razie p\u0142atno\u015b\u0107 odbywa si\u0119 na miejscu i tylko got\u00f3wk\u0105.<\/span><\/p><ol start=\"4\"><li><p><span style=\"font-family: Arial, sans-serif;\">Czy wystawiacie faktury za wasze us\u0142ugi?<\/span><\/p><\/li><\/ol><p><span style=\"font-family: Arial, sans-serif;\">Tak, ale pami\u0119taj, \u017ceby zg\u0142osi\u0107 to podczas zapis\u00f3w podaj\u0105c dane do faktury.<\/span><\/p><ol start=\"5\"><li><p><span style=\"font-family: Arial, sans-serif;\">Czy organizujemy transport na spacery z lampami naftowymi?<\/span><\/p><\/li><\/ol><p><span style=\"font-family: Arial, sans-serif;\">Nie. Tym razem na miejsce spotkania z przewodnikiem musisz pofatygowa\u0107 si\u0119 w\u0142asnym transportem.<\/span><\/p><ol start=\"6\"><li><p><span style=\"font-family: Arial, sans-serif;\">Czy organizujecie spacery z lampami na specjalne zam\u00f3wienie dla grup zorganizowanych?<\/span><\/p><\/li><\/ol><p><span style=\"font-family: Arial, sans-serif;\">Tak, organizujemy takie spacery, ale upewnij si\u0119 wcze\u015bniej, czy mamy wolny termin, kt\u00f3ry ci\u0119 interesuje.<\/span><\/p><ol start=\"7\"><li><p><span style=\"font-family: Arial, sans-serif;\">Jaka jest minimalna ilo\u015b\u0107 uczestnik\u00f3w, \u017ceby odby\u0142 si\u0119 spacer z lampami naftowymi?<\/span><\/p><\/li><\/ol><p><span style=\"font-family: Arial, sans-serif;\">Minimalna ilo\u015b\u0107 uczestnik\u00f3w, to 6 os\u00f3b doros\u0142ych.<\/span><\/p><p><span style=\"font-family: Arial, sans-serif;\">8.Czy daleko jeszcze?<\/span><\/p><p><span style=\"font-family: Arial, sans-serif;\">Tak, daleko \ud83d\ude42<\/span><\/p><p><span style=\"font-family: Arial, sans-serif;\">9.Czy macie spacery i wycieczki dla rodzin z dzie\u0107mi?<\/span><\/p><p><span style=\"font-family: Arial, sans-serif;\">Tak, mamy spacery dla rodzin z dzie\u0107mi, ale pami\u0119taj aby wcze\u015bniej zapyta\u0107 o spacer kt\u00f3ry Ci\u0119 interesuje. Mamy ich ponad dwadzie\u015bcia i jest du\u017ce zr\u00f3\u017cnicowanie.<\/span><\/p><p><span style=\"font-family: Arial, sans-serif;\">10.Ile trwa spacer z lampami naftowymi?<\/span><\/p><p><span style=\"font-family: Arial, sans-serif;\">Od dw\u00f3ch do czterech godzin, w zale\u017cno\u015bci od spaceru.<\/span><\/p><p><span style=\"font-family: Arial, sans-serif;\">11. Co w razie deszczu?<\/span><\/p><p><span style=\"font-family: Arial, sans-serif;\">W razie niekorzystnych warunk\u00f3w atmosferycznych, nasze spacery i wycieczki przek\u0142adane s\u0105 na inny termin.<\/span><\/p><p><span style=\"font-family: Arial, sans-serif;\">12.Kiedy organizujemy spacery z lampami naftowymi?<\/span><\/p><p><span style=\"font-family: Arial, sans-serif;\">Organizujemy przez ca\u0142y rok wed\u0142ug grafiku, kt\u00f3ry pojawia si\u0119 na naszej stronie internetowej i Facebooku Sudecka Kraina.<\/span><\/p><p><span style=\"font-family: Arial, sans-serif;\">13. Czy mo\u017cna z nami porozmawia\u0107 o czym\u015b innymi ni\u017c o g\u00f3rach i historii Dolnego \u015al\u0105ska?<\/span><\/p><p><span style=\"font-family: Arial, sans-serif;\">Nie. \ud83d\ude09<\/span><\/p>\t\t\t\t\t\t\t\t<\/div>\n\t\t\t\t<\/div>\n\t\t\t\t\t<\/div>\n\t\t<\/div>\n\t\t\t\t\t<\/div>\n\t\t<\/section>\n\t\t\t\t\t<\/div>\n\t\t<\/div>\n\t\t\t\t\t<\/div>\n\t\t<\/section>\n\t\t\t\t<\/div>\n\t\t","protected":false},"excerpt":{"rendered":"<p>ODPOWIEDZI NA NAJCZ\u0118\u015aCIEJ ZADAWANE PYTANIA&#8230; Czy na spacery mo\u017cemy zabra\u0107 psa? Tak, na spacer z lampami naftowymi mo\u017cesz zabra\u0107 psa, ale pami\u0119taj, \u017ce mo\u017ce to nie by\u0107 jedyny pupil, dlatego miej przygotowan\u0105 smycz i kaganiec. Czy na spacery musimy zabiera\u0107 lamp\u0119 naftow\u0105? Nie, nie musisz zabiera\u0107 lampy naftowej. Sudecka Kraina, jako organizator zapewnia lampy na [&hellip;]<\/p>\n","protected":false},"author":1,"featured_media":0,"parent":0,"menu_order":0,"comment_status":"closed","ping_status":"closed","template":"elementor_header_footer","meta":{"_acf_changed":false,"_monsterinsights_skip_tracking":false,"_monsterinsights_sitenote_active":false,"_monsterinsights_sitenote_note":"","_monsterinsights_sitenote_category":0,"site-sidebar-layout":"no-sidebar","site-content-layout":"page-builder","ast-site-content-layout":"","site-content-style":"default","site-sidebar-style":"default","ast-global-header-display":"","ast-banner-title-visibility":"","ast-main-header-display":"","ast-hfb-above-header-display":"","ast-hfb-below-header-display":"","ast-hfb-mobile-header-display":"","site-post-title":"disabled","ast-breadcrumbs-content":"","ast-featured-img":"disabled","footer-sml-layout":"","theme-transparent-header-meta":"default","adv-header-id-meta":"","stick-header-meta":"","header-above-stick-meta":"","header-main-stick-meta":"","header-below-stick-meta":"","astra-migrate-meta-layouts":"default","ast-page-background-enabled":"default","ast-page-background-meta":{"desktop":{"background-color":"var(--ast-global-color-4)","background-image":"","background-repeat":"repeat","background-position":"center center","background-size":"auto","background-attachment":"scroll","background-type":"","background-media":"","overlay-type":"","overlay-color":"","overlay-opacity":"","overlay-gradient":""},"tablet":{"background-color":"","background-image":"","background-repeat":"repeat","background-position":"center center","background-size":"auto","background-attachment":"scroll","background-type":"","background-media":"","overlay-type":"","overlay-color":"","overlay-opacity":"","overlay-gradient":""},"mobile":{"background-color":"","background-image":"","background-repeat":"repeat","background-position":"center center","background-size":"auto","background-attachment":"scroll","background-type":"","background-media":"","overlay-type":"","overlay-color":"","overlay-opacity":"","overlay-gradient":""}},"ast-content-background-meta":{"desktop":{"background-color":"var(--ast-global-color-5)","background-image":"","background-repeat":"repeat","background-position":"center center","background-size":"auto","background-attachment":"scroll","background-type":"","background-media":"","overlay-type":"","overlay-color":"","overlay-opacity":"","overlay-gradient":""},"tablet":{"background-color":"var(--ast-global-color-5)","background-image":"","background-repeat":"repeat","background-position":"center center","background-size":"auto","background-attachment":"scroll","background-type":"","background-media":"","overlay-type":"","overlay-color":"","overlay-opacity":"","overlay-gradient":""},"mobile":{"background-color":"var(--ast-global-color-5)","background-image":"","background-repeat":"repeat","background-position":"center center","background-size":"auto","background-attachment":"scroll","background-type":"","background-media":"","overlay-type":"","overlay-color":"","overlay-opacity":"","overlay-gradient":""}},"footnotes":""},"class_list":["post-6285","page","type-page","status-publish","hentry"],"acf":[],"yoast_head":"<!-- This site is optimized with the Yoast SEO plugin v24.3 - https:\/\/yoast.com\/wordpress\/plugins\/seo\/ -->\n<title>PYTANIA | Przewodnik sudecki Karkonosze spacery z lampami naftowymi<\/title>\n<meta name=\"robots\" content=\"index, follow, max-snippet:-1, max-image-preview:large, max-video-preview:-1\" \/>\n<link rel=\"canonical\" href=\"https:\/\/www.sudeckakraina.pl\/index.php\/pytania\/\" \/>\n<meta property=\"og:locale\" content=\"pl_PL\" \/>\n<meta property=\"og:type\" content=\"article\" \/>\n<meta property=\"og:title\" content=\"PYTANIA | Przewodnik sudecki Karkonosze spacery z lampami naftowymi\" \/>\n<meta property=\"og:description\" content=\"ODPOWIEDZI NA NAJCZ\u0118\u015aCIEJ ZADAWANE PYTANIA&#8230; Czy na spacery mo\u017cemy zabra\u0107 psa? Tak, na spacer z lampami naftowymi mo\u017cesz zabra\u0107 psa, ale pami\u0119taj, \u017ce mo\u017ce to nie by\u0107 jedyny pupil, dlatego miej przygotowan\u0105 smycz i kaganiec. Czy na spacery musimy zabiera\u0107 lamp\u0119 naftow\u0105? Nie, nie musisz zabiera\u0107 lampy naftowej. Sudecka Kraina, jako organizator zapewnia lampy na [&hellip;]\" \/>\n<meta property=\"og:url\" content=\"https:\/\/www.sudeckakraina.pl\/index.php\/pytania\/\" \/>\n<meta property=\"og:site_name\" content=\"Przewodnik sudecki Karkonosze spacery z lampami naftowymi\" \/>\n<meta property=\"article:publisher\" content=\"https:\/\/www.facebook.com\/Sudecka.kraina\" \/>\n<meta property=\"article:modified_time\" content=\"2022-04-01T18:28:49+00:00\" \/>\n<meta property=\"og:image\" content=\"https:\/\/www.sudeckakraina.pl\/wp-content\/uploads\/2023\/02\/Jaroslaw-Szczyzowski-sudecka-kraina.jpg\" \/>\n\t<meta property=\"og:image:width\" content=\"723\" \/>\n\t<meta property=\"og:image:height\" content=\"867\" \/>\n\t<meta property=\"og:image:type\" content=\"image\/jpeg\" \/>\n<meta name=\"twitter:card\" content=\"summary_large_image\" \/>\n<meta name=\"twitter:label1\" content=\"Szacowany czas czytania\" \/>\n\t<meta name=\"twitter:data1\" content=\"2 minuty\" \/>\n<script type=\"application\/ld+json\" class=\"yoast-schema-graph\">{\"@context\":\"https:\/\/schema.org\",\"@graph\":[{\"@type\":\"WebPage\",\"@id\":\"https:\/\/www.sudeckakraina.pl\/index.php\/pytania\/\",\"url\":\"https:\/\/www.sudeckakraina.pl\/index.php\/pytania\/\",\"name\":\"PYTANIA | Przewodnik sudecki Karkonosze spacery z lampami naftowymi\",\"isPartOf\":{\"@id\":\"https:\/\/www.sudeckakraina.pl\/#website\"},\"datePublished\":\"2022-03-21T11:13:59+00:00\",\"dateModified\":\"2022-04-01T18:28:49+00:00\",\"breadcrumb\":{\"@id\":\"https:\/\/www.sudeckakraina.pl\/index.php\/pytania\/#breadcrumb\"},\"inLanguage\":\"pl-PL\",\"potentialAction\":[{\"@type\":\"ReadAction\",\"target\":[\"https:\/\/www.sudeckakraina.pl\/index.php\/pytania\/\"]}]},{\"@type\":\"BreadcrumbList\",\"@id\":\"https:\/\/www.sudeckakraina.pl\/index.php\/pytania\/#breadcrumb\",\"itemListElement\":[{\"@type\":\"ListItem\",\"position\":1,\"name\":\"Strona g\u0142\u00f3wna\",\"item\":\"https:\/\/www.sudeckakraina.pl\/\"},{\"@type\":\"ListItem\",\"position\":2,\"name\":\"PYTANIA\"}]},{\"@type\":\"WebSite\",\"@id\":\"https:\/\/www.sudeckakraina.pl\/#website\",\"url\":\"https:\/\/www.sudeckakraina.pl\/\",\"name\":\"Sudecka Kraina - Karkonosze - przewodnik sudecki - spacery z lampami naftowymi\",\"description\":\"Przewodnik sudecki Karkonosze  spacery z lampami naftowymi\",\"publisher\":{\"@id\":\"https:\/\/www.sudeckakraina.pl\/#organization\"},\"alternateName\":\"Sudecka Kraina Karkonosze - przewodnik sudecki - spacery z lampami naftowymi\",\"potentialAction\":[{\"@type\":\"SearchAction\",\"target\":{\"@type\":\"EntryPoint\",\"urlTemplate\":\"https:\/\/www.sudeckakraina.pl\/?s={search_term_string}\"},\"query-input\":{\"@type\":\"PropertyValueSpecification\",\"valueRequired\":true,\"valueName\":\"search_term_string\"}}],\"inLanguage\":\"pl-PL\"},{\"@type\":\"Organization\",\"@id\":\"https:\/\/www.sudeckakraina.pl\/#organization\",\"name\":\"Sudecka Kraina Karkonosze przewodnik sudecki spacery z lampami naftowymi\",\"alternateName\":\"Sudecka Kraina Karkonosze przewodnik sudecki spacery z lampami naftowymi\",\"url\":\"https:\/\/www.sudeckakraina.pl\/\",\"logo\":{\"@type\":\"ImageObject\",\"inLanguage\":\"pl-PL\",\"@id\":\"https:\/\/www.sudeckakraina.pl\/#\/schema\/logo\/image\/\",\"url\":\"http:\/\/www.sudeckakraina.pl\/wp-content\/uploads\/2020\/01\/logo-bez-t\u0142a-pr\u00f3ba-1-kopia-scaled.jpg\",\"contentUrl\":\"http:\/\/www.sudeckakraina.pl\/wp-content\/uploads\/2020\/01\/logo-bez-t\u0142a-pr\u00f3ba-1-kopia-scaled.jpg\",\"width\":2560,\"height\":2560,\"caption\":\"Sudecka Kraina Karkonosze przewodnik sudecki spacery z lampami naftowymi\"},\"image\":{\"@id\":\"https:\/\/www.sudeckakraina.pl\/#\/schema\/logo\/image\/\"},\"sameAs\":[\"https:\/\/www.facebook.com\/Sudecka.kraina\"]}]}<\/script>\n<!-- \/ Yoast SEO plugin. -->","yoast_head_json":{"title":"PYTANIA | Przewodnik sudecki Karkonosze spacery z lampami naftowymi","robots":{"index":"index","follow":"follow","max-snippet":"max-snippet:-1","max-image-preview":"max-image-preview:large","max-video-preview":"max-video-preview:-1"},"canonical":"https:\/\/www.sudeckakraina.pl\/index.php\/pytania\/","og_locale":"pl_PL","og_type":"article","og_title":"PYTANIA | Przewodnik sudecki Karkonosze spacery z lampami naftowymi","og_description":"ODPOWIEDZI NA NAJCZ\u0118\u015aCIEJ ZADAWANE PYTANIA&#8230; Czy na spacery mo\u017cemy zabra\u0107 psa? Tak, na spacer z lampami naftowymi mo\u017cesz zabra\u0107 psa, ale pami\u0119taj, \u017ce mo\u017ce to nie by\u0107 jedyny pupil, dlatego miej przygotowan\u0105 smycz i kaganiec. Czy na spacery musimy zabiera\u0107 lamp\u0119 naftow\u0105? Nie, nie musisz zabiera\u0107 lampy naftowej. Sudecka Kraina, jako organizator zapewnia lampy na [&hellip;]","og_url":"https:\/\/www.sudeckakraina.pl\/index.php\/pytania\/","og_site_name":"Przewodnik sudecki Karkonosze spacery z lampami naftowymi","article_publisher":"https:\/\/www.facebook.com\/Sudecka.kraina","article_modified_time":"2022-04-01T18:28:49+00:00","og_image":[{"width":723,"height":867,"url":"https:\/\/www.sudeckakraina.pl\/wp-content\/uploads\/2023\/02\/Jaroslaw-Szczyzowski-sudecka-kraina.jpg","type":"image\/jpeg"}],"twitter_card":"summary_large_image","twitter_misc":{"Szacowany czas czytania":"2 minuty"},"schema":{"@context":"https:\/\/schema.org","@graph":[{"@type":"WebPage","@id":"https:\/\/www.sudeckakraina.pl\/index.php\/pytania\/","url":"https:\/\/www.sudeckakraina.pl\/index.php\/pytania\/","name":"PYTANIA | Przewodnik sudecki Karkonosze spacery z lampami naftowymi","isPartOf":{"@id":"https:\/\/www.sudeckakraina.pl\/#website"},"datePublished":"2022-03-21T11:13:59+00:00","dateModified":"2022-04-01T18:28:49+00:00","breadcrumb":{"@id":"https:\/\/www.sudeckakraina.pl\/index.php\/pytania\/#breadcrumb"},"inLanguage":"pl-PL","potentialAction":[{"@type":"ReadAction","target":["https:\/\/www.sudeckakraina.pl\/index.php\/pytania\/"]}]},{"@type":"BreadcrumbList","@id":"https:\/\/www.sudeckakraina.pl\/index.php\/pytania\/#breadcrumb","itemListElement":[{"@type":"ListItem","position":1,"name":"Strona g\u0142\u00f3wna","item":"https:\/\/www.sudeckakraina.pl\/"},{"@type":"ListItem","position":2,"name":"PYTANIA"}]},{"@type":"WebSite","@id":"https:\/\/www.sudeckakraina.pl\/#website","url":"https:\/\/www.sudeckakraina.pl\/","name":"Sudecka Kraina - Karkonosze - przewodnik sudecki - spacery z lampami naftowymi","description":"Przewodnik sudecki Karkonosze  spacery z lampami naftowymi","publisher":{"@id":"https:\/\/www.sudeckakraina.pl\/#organization"},"alternateName":"Sudecka Kraina Karkonosze - przewodnik sudecki - spacery z lampami naftowymi","potentialAction":[{"@type":"SearchAction","target":{"@type":"EntryPoint","urlTemplate":"https:\/\/www.sudeckakraina.pl\/?s={search_term_string}"},"query-input":{"@type":"PropertyValueSpecification","valueRequired":true,"valueName":"search_term_string"}}],"inLanguage":"pl-PL"},{"@type":"Organization","@id":"https:\/\/www.sudeckakraina.pl\/#organization","name":"Sudecka Kraina Karkonosze przewodnik sudecki spacery z lampami naftowymi","alternateName":"Sudecka Kraina Karkonosze przewodnik sudecki spacery z lampami naftowymi","url":"https:\/\/www.sudeckakraina.pl\/","logo":{"@type":"ImageObject","inLanguage":"pl-PL","@id":"https:\/\/www.sudeckakraina.pl\/#\/schema\/logo\/image\/","url":"http:\/\/www.sudeckakraina.pl\/wp-content\/uploads\/2020\/01\/logo-bez-t\u0142a-pr\u00f3ba-1-kopia-scaled.jpg","contentUrl":"http:\/\/www.sudeckakraina.pl\/wp-content\/uploads\/2020\/01\/logo-bez-t\u0142a-pr\u00f3ba-1-kopia-scaled.jpg","width":2560,"height":2560,"caption":"Sudecka Kraina Karkonosze przewodnik sudecki spacery z lampami naftowymi"},"image":{"@id":"https:\/\/www.sudeckakraina.pl\/#\/schema\/logo\/image\/"},"sameAs":["https:\/\/www.facebook.com\/Sudecka.kraina"]}]}},"_links":{"self":[{"href":"https:\/\/www.sudeckakraina.pl\/index.php\/wp-json\/wp\/v2\/pages\/6285","targetHints":{"allow":["GET"]}}],"collection":[{"href":"https:\/\/www.sudeckakraina.pl\/index.php\/wp-json\/wp\/v2\/pages"}],"about":[{"href":"https:\/\/www.sudeckakraina.pl\/index.php\/wp-json\/wp\/v2\/types\/page"}],"author":[{"embeddable":true,"href":"https:\/\/www.sudeckakraina.pl\/index.php\/wp-json\/wp\/v2\/users\/1"}],"replies":[{"embeddable":true,"href":"https:\/\/www.sudeckakraina.pl\/index.php\/wp-json\/wp\/v2\/comments?post=6285"}],"version-history":[{"count":0,"href":"https:\/\/www.sudeckakraina.pl\/index.php\/wp-json\/wp\/v2\/pages\/6285\/revisions"}],"wp:attachment":[{"href":"https:\/\/www.sudeckakraina.pl\/index.php\/wp-json\/wp\/v2\/media?parent=6285"}],"curies":[{"name":"wp","href":"https:\/\/api.w.org\/{rel}","templated":true}]}}