{"id":6842,"date":"2022-03-25T15:25:33","date_gmt":"2022-03-25T14:25:33","guid":{"rendered":"http:\/\/www.sudeckakraina.pl\/?page_id=6842"},"modified":"2022-03-30T13:19:29","modified_gmt":"2022-03-30T11:19:29","slug":"podroznicy-w-gorach-olbrzymich-michelsbaude-gory-izerskie","status":"publish","type":"page","link":"https:\/\/www.sudeckakraina.pl\/index.php\/podroznicy-w-gorach-olbrzymich-michelsbaude-gory-izerskie\/","title":{"rendered":"Podr\u00f3\u017cnicy w G\u00f3rach Olbrzymich Michelsbaude G\u00f3ry Izerskie"},"content":{"rendered":"\t\t<div data-elementor-type=\"wp-page\" data-elementor-id=\"6842\" class=\"elementor elementor-6842\">\n\t\t\t\t\t\t<section class=\"elementor-section elementor-inner-section elementor-element elementor-element-5934c56 elementor-section-content-middle elementor-section-height-min-height elementor-section-boxed elementor-section-height-default\" data-id=\"5934c56\" data-element_type=\"section\" data-settings=\"{&quot;background_background&quot;:&quot;classic&quot;}\">\n\t\t\t\t\t\t\t<div class=\"elementor-background-overlay\"><\/div>\n\t\t\t\t\t\t\t<div class=\"elementor-container elementor-column-gap-no\">\n\t\t\t\t\t<div class=\"elementor-column elementor-col-100 elementor-inner-column elementor-element elementor-element-1ed0dfe5 elementor-invisible\" data-id=\"1ed0dfe5\" data-element_type=\"column\" data-settings=\"{&quot;animation&quot;:&quot;fadeIn&quot;,&quot;background_background&quot;:&quot;classic&quot;}\">\n\t\t\t<div class=\"elementor-widget-wrap elementor-element-populated\">\n\t\t\t\t\t\t<div class=\"elementor-element elementor-element-394de38f elementor-widget elementor-widget-text-editor\" data-id=\"394de38f\" data-element_type=\"widget\" data-widget_type=\"text-editor.default\">\n\t\t\t\t<div class=\"elementor-widget-container\">\n\t\t\t\t\t\t\t\t\t<p>g\u00f3ry izerskie<\/p><p>spacer literacki<\/p>\t\t\t\t\t\t\t\t<\/div>\n\t\t\t\t<\/div>\n\t\t\t\t<div class=\"elementor-element elementor-element-69fbadc7 hotel-tmpl-titles elementor-invisible elementor-widget elementor-widget-heading\" data-id=\"69fbadc7\" data-element_type=\"widget\" data-settings=\"{&quot;_animation&quot;:&quot;fadeInUp&quot;,&quot;_animation_delay&quot;:100}\" data-widget_type=\"heading.default\">\n\t\t\t\t<div class=\"elementor-widget-container\">\n\t\t\t\t\t<h3 class=\"elementor-heading-title elementor-size-default\">Michelsbaude - Podr\u00f3\u017cnicy w G\u00f3rach Olbrzymich<\/h3>\t\t\t\t<\/div>\n\t\t\t\t<\/div>\n\t\t\t\t\t<\/div>\n\t\t<\/div>\n\t\t\t\t\t<\/div>\n\t\t<\/section>\n\t\t\t\t<section class=\"elementor-section elementor-top-section elementor-element elementor-element-340a72b elementor-section-boxed elementor-section-height-default elementor-section-height-default\" data-id=\"340a72b\" data-element_type=\"section\" data-settings=\"{&quot;background_background&quot;:&quot;classic&quot;}\">\n\t\t\t\t\t\t<div class=\"elementor-container elementor-column-gap-wide\">\n\t\t\t\t\t<div class=\"elementor-column elementor-col-50 elementor-top-column elementor-element elementor-element-1e6de1fb animated-fast elementor-invisible\" data-id=\"1e6de1fb\" data-element_type=\"column\" data-settings=\"{&quot;animation&quot;:&quot;fadeInLeft&quot;}\">\n\t\t\t<div class=\"elementor-widget-wrap elementor-element-populated\">\n\t\t\t\t\t\t<div class=\"elementor-element elementor-element-2a883a44 elementor-drop-cap-yes elementor-drop-cap-view-default elementor-invisible elementor-widget elementor-widget-text-editor\" data-id=\"2a883a44\" data-element_type=\"widget\" data-settings=\"{&quot;drop_cap&quot;:&quot;yes&quot;,&quot;_animation&quot;:&quot;fadeIn&quot;}\" data-widget_type=\"text-editor.default\">\n\t\t\t\t<div class=\"elementor-widget-container\">\n\t\t\t\t\t\t\t\t\t<p><span style=\"font-family: Arial, sans-serif;\">Wydawnictwo Wielka Izera, Sudecka Kraina zapraszaj\u0105 na Spacer z lampami naftowymi w G\u00f3ry Izerskie.<\/span><\/p><p><span style=\"font-family: Arial, sans-serif;\"> Tematem spaceru b\u0119dzie powie\u015b\u0107 historyczna, ba\u015b\u0144, dreszczowiec, komedia \u2013 \u201eSolne Bociany\u201d autorstwa Cosmusa Flama. Jest to opowie\u015bci o przemytnikach soli w G\u00f3rach Izerskich w drugiej po\u0142owie XVIII wieku. Nakre\u015blona na tle wydarze\u0144 dziejowych \u2013 podbicia habsburskiego dot\u0105d \u015al\u0105ska przez Prusy pod wodz\u0105 kr\u00f3la Fryderyka II Wielkiego \u2013 osadzona jest w realiach izerskiej przyrody i tutejszego \u017cycia, uj\u0119tych z du\u017c\u0105 wnikliwo\u015bci\u0105.<\/span><\/p><p><span style=\"font-family: Arial, sans-serif;\"> Na spacerze przewidujemy m.in.: czytanie wybranych fragment\u00f3w wy\u017cej wymienionej powie\u015bci. Je\u015bli pogoda pozwoli, prowadz\u0105cy b\u0119d\u0105 ubrani w kostiumy z epoki. Spacer z wykorzystaniem oryginalnych, historycznych przedmiot\u00f3w.<\/span><\/p><p><span style=\"font-family: Arial, sans-serif;\"> Sudecka Kraina zastrzega, \u017ce w razie niekorzystnych warunk\u00f3w pogodowych, lub niskiej frekwencji, wieczorny spacer z lampami naftowymi mo\u017ce by\u0107 przeniesiony na inny termin.<\/span><\/p>\t\t\t\t\t\t\t\t<\/div>\n\t\t\t\t<\/div>\n\t\t\t\t\t<\/div>\n\t\t<\/div>\n\t\t\t\t<div class=\"elementor-column elementor-col-50 elementor-top-column elementor-element elementor-element-4893fb53 animated-fast elementor-invisible\" data-id=\"4893fb53\" data-element_type=\"column\" data-settings=\"{&quot;animation&quot;:&quot;fadeInRight&quot;}\">\n\t\t\t<div class=\"elementor-widget-wrap elementor-element-populated\">\n\t\t\t\t\t\t<div class=\"elementor-element elementor-element-21abeb19 elementor-invisible elementor-widget elementor-widget-text-editor\" data-id=\"21abeb19\" data-element_type=\"widget\" data-settings=\"{&quot;_animation&quot;:&quot;fadeIn&quot;}\" data-widget_type=\"text-editor.default\">\n\t\t\t\t<div class=\"elementor-widget-container\">\n\t\t\t\t\t\t\t\t\t<p><span style=\"font-family: Arial, sans-serif;\">WA\u017bNE INFORMACJE:<\/span><\/p><p><span style=\"font-family: Arial, sans-serif;\"> Bior\u0105c udzia\u0142 w naszych wydarzeniach, akceptujesz <a href=\"http:\/\/www.sudeckakraina.pl\/index.php\/regulamin\/\">REGULAMIN<\/a><\/span><\/p><ul><li><p><span style=\"font-family: Arial, sans-serif;\"><a href=\"http:\/\/www.sudeckakraina.pl\/index.php\/wyslij-wiadomosc\/\">ZAPISY<\/a>: sudeckakriana@o2.pl<\/span><\/p><\/li><li><p><span style=\"font-family: Arial, sans-serif;\">Miejsce: Parking w Jakuszycach naprzeciwko O\u015brodka Biathlon.<\/span><\/p><\/li><li><p><span style=\"font-family: Arial, sans-serif;\">Dystans: 6km<\/span><\/p><\/li><li><p><span style=\"font-family: Arial, sans-serif;\">Czas przej\u015bcia: oko\u0142o 3,5 godziny<\/span><\/p><\/li><li><p><span style=\"font-family: Arial, sans-serif;\">Co zabra\u0107: str\u00f3j dopasowany do warunk\u00f3w zewn\u0119trznych, buty trekkingowe.<\/span><\/p><\/li><li><p><span style=\"font-family: Arial, sans-serif;\">Uczestnicy otrzymaj\u0105 na czas spaceru lampy naftowe. <\/span><\/p><\/li><li><p><span style=\"font-family: Arial, sans-serif;\">Ubezpieczenie NNW \u2013 we w\u0142asnym zakresie. Udzia\u0142 mog\u0105 bra\u0107 osoby pe\u0142noletnie oraz osoby niepe\u0142noletnie pod opiek\u0105 pe\u0142noprawnych opiekun\u00f3w.<\/span><\/p><\/li><li><p><span style=\"font-family: Arial, sans-serif;\">Ilo\u015b\u0107 miejsc ograniczona.<\/span><\/p><\/li><\/ul>\t\t\t\t\t\t\t\t<\/div>\n\t\t\t\t<\/div>\n\t\t\t\t\t<\/div>\n\t\t<\/div>\n\t\t\t\t\t<\/div>\n\t\t<\/section>\n\t\t\t\t<section class=\"elementor-section elementor-top-section elementor-element elementor-element-444c1aee elementor-section-content-middle elementor-section-stretched elementor-section-height-min-height elementor-section-items-stretch elementor-section-boxed elementor-section-height-default\" data-id=\"444c1aee\" data-element_type=\"section\" data-settings=\"{&quot;background_background&quot;:&quot;classic&quot;,&quot;stretch_section&quot;:&quot;section-stretched&quot;}\">\n\t\t\t\t\t\t\t<div class=\"elementor-background-overlay\"><\/div>\n\t\t\t\t\t\t\t<div class=\"elementor-container elementor-column-gap-default\">\n\t\t\t\t\t<div class=\"elementor-column elementor-col-100 elementor-top-column elementor-element elementor-element-2beff73a\" data-id=\"2beff73a\" data-element_type=\"column\" data-settings=\"{&quot;background_background&quot;:&quot;classic&quot;}\">\n\t\t\t<div class=\"elementor-widget-wrap elementor-element-populated\">\n\t\t\t\t\t<div class=\"elementor-background-overlay\"><\/div>\n\t\t\t\t\t\t<div class=\"elementor-element elementor-element-5be7b6b2 elementor-widget elementor-widget-heading\" data-id=\"5be7b6b2\" data-element_type=\"widget\" data-widget_type=\"heading.default\">\n\t\t\t\t<div class=\"elementor-widget-container\">\n\t\t\t\t\t<h2 class=\"elementor-heading-title elementor-size-default\">Lokalizacja<\/h2>\t\t\t\t<\/div>\n\t\t\t\t<\/div>\n\t\t\t\t<div class=\"elementor-element elementor-element-31fe0130 elementor-widget-divider--view-line elementor-widget elementor-widget-divider\" data-id=\"31fe0130\" data-element_type=\"widget\" data-widget_type=\"divider.default\">\n\t\t\t\t<div class=\"elementor-widget-container\">\n\t\t\t\t\t\t\t<div class=\"elementor-divider\">\n\t\t\t<span class=\"elementor-divider-separator\">\n\t\t\t\t\t\t<\/span>\n\t\t<\/div>\n\t\t\t\t\t\t<\/div>\n\t\t\t\t<\/div>\n\t\t\t\t<div class=\"elementor-element elementor-element-c54d9b6 elementor-widget elementor-widget-text-editor\" data-id=\"c54d9b6\" data-element_type=\"widget\" data-widget_type=\"text-editor.default\">\n\t\t\t\t<div class=\"elementor-widget-container\">\n\t\t\t\t\t\t\t\t\t<p>Parking O\u015brodek Biathlon Jakuszyce<\/p>\t\t\t\t\t\t\t\t<\/div>\n\t\t\t\t<\/div>\n\t\t\t\t<div class=\"elementor-element elementor-element-1ac33a2a elementor-widget elementor-widget-spacer\" data-id=\"1ac33a2a\" data-element_type=\"widget\" data-widget_type=\"spacer.default\">\n\t\t\t\t<div class=\"elementor-widget-container\">\n\t\t\t\t\t\t\t<div class=\"elementor-spacer\">\n\t\t\t<div class=\"elementor-spacer-inner\"><\/div>\n\t\t<\/div>\n\t\t\t\t\t\t<\/div>\n\t\t\t\t<\/div>\n\t\t\t\t<div class=\"elementor-element elementor-element-23d4cb58 elementor-widget elementor-widget-google_maps\" data-id=\"23d4cb58\" data-element_type=\"widget\" data-widget_type=\"google_maps.default\">\n\t\t\t\t<div class=\"elementor-widget-container\">\n\t\t\t\t\t\t\t<div class=\"elementor-custom-embed\">\n\t\t\t<iframe loading=\"lazy\"\n\t\t\t\t\tsrc=\"https:\/\/maps.google.com\/maps?q=Jakuszyce%20O%C5%9Brodek%20Biathlon&#038;t=m&#038;z=10&#038;output=embed&#038;iwloc=near\"\n\t\t\t\t\ttitle=\"Jakuszyce O\u015brodek Biathlon\"\n\t\t\t\t\taria-label=\"Jakuszyce O\u015brodek Biathlon\"\n\t\t\t><\/iframe>\n\t\t<\/div>\n\t\t\t\t\t\t<\/div>\n\t\t\t\t<\/div>\n\t\t\t\t\t<\/div>\n\t\t<\/div>\n\t\t\t\t\t<\/div>\n\t\t<\/section>\n\t\t\t\t<\/div>\n\t\t","protected":false},"excerpt":{"rendered":"<p>g\u00f3ry izerskie spacer literacki Michelsbaude &#8211; Podr\u00f3\u017cnicy w G\u00f3rach Olbrzymich Wydawnictwo Wielka Izera, Sudecka Kraina zapraszaj\u0105 na Spacer z lampami naftowymi w G\u00f3ry Izerskie. Tematem spaceru b\u0119dzie powie\u015b\u0107 historyczna, ba\u015b\u0144, dreszczowiec, komedia \u2013 \u201eSolne Bociany\u201d autorstwa Cosmusa Flama. Jest to opowie\u015bci o przemytnikach soli w G\u00f3rach Izerskich w drugiej po\u0142owie XVIII wieku. Nakre\u015blona na tle [&hellip;]<\/p>\n","protected":false},"author":1,"featured_media":0,"parent":0,"menu_order":0,"comment_status":"closed","ping_status":"closed","template":"elementor_header_footer","meta":{"_acf_changed":false,"_monsterinsights_skip_tracking":false,"_monsterinsights_sitenote_active":false,"_monsterinsights_sitenote_note":"","_monsterinsights_sitenote_category":0,"site-sidebar-layout":"no-sidebar","site-content-layout":"page-builder","ast-site-content-layout":"","site-content-style":"default","site-sidebar-style":"default","ast-global-header-display":"","ast-banner-title-visibility":"","ast-main-header-display":"","ast-hfb-above-header-display":"","ast-hfb-below-header-display":"","ast-hfb-mobile-header-display":"","site-post-title":"disabled","ast-breadcrumbs-content":"","ast-featured-img":"disabled","footer-sml-layout":"","theme-transparent-header-meta":"default","adv-header-id-meta":"","stick-header-meta":"","header-above-stick-meta":"","header-main-stick-meta":"","header-below-stick-meta":"","astra-migrate-meta-layouts":"default","ast-page-background-enabled":"default","ast-page-background-meta":{"desktop":{"background-color":"var(--ast-global-color-4)","background-image":"","background-repeat":"repeat","background-position":"center center","background-size":"auto","background-attachment":"scroll","background-type":"","background-media":"","overlay-type":"","overlay-color":"","overlay-opacity":"","overlay-gradient":""},"tablet":{"background-color":"","background-image":"","background-repeat":"repeat","background-position":"center center","background-size":"auto","background-attachment":"scroll","background-type":"","background-media":"","overlay-type":"","overlay-color":"","overlay-opacity":"","overlay-gradient":""},"mobile":{"background-color":"","background-image":"","background-repeat":"repeat","background-position":"center center","background-size":"auto","background-attachment":"scroll","background-type":"","background-media":"","overlay-type":"","overlay-color":"","overlay-opacity":"","overlay-gradient":""}},"ast-content-background-meta":{"desktop":{"background-color":"var(--ast-global-color-5)","background-image":"","background-repeat":"repeat","background-position":"center center","background-size":"auto","background-attachment":"scroll","background-type":"","background-media":"","overlay-type":"","overlay-color":"","overlay-opacity":"","overlay-gradient":""},"tablet":{"background-color":"var(--ast-global-color-5)","background-image":"","background-repeat":"repeat","background-position":"center center","background-size":"auto","background-attachment":"scroll","background-type":"","background-media":"","overlay-type":"","overlay-color":"","overlay-opacity":"","overlay-gradient":""},"mobile":{"background-color":"var(--ast-global-color-5)","background-image":"","background-repeat":"repeat","background-position":"center center","background-size":"auto","background-attachment":"scroll","background-type":"","background-media":"","overlay-type":"","overlay-color":"","overlay-opacity":"","overlay-gradient":""}},"footnotes":""},"class_list":["post-6842","page","type-page","status-publish","hentry"],"acf":[],"yoast_head":"<!-- This site is optimized with the Yoast SEO plugin v24.3 - https:\/\/yoast.com\/wordpress\/plugins\/seo\/ -->\n<title>Podr\u00f3\u017cnicy w G\u00f3rach Olbrzymich Michelsbaude G\u00f3ry Izerskie | Przewodnik sudecki Karkonosze spacery z lampami naftowymi<\/title>\n<meta name=\"robots\" content=\"index, follow, max-snippet:-1, max-image-preview:large, max-video-preview:-1\" \/>\n<link rel=\"canonical\" href=\"https:\/\/www.sudeckakraina.pl\/index.php\/podroznicy-w-gorach-olbrzymich-michelsbaude-gory-izerskie\/\" \/>\n<meta property=\"og:locale\" content=\"pl_PL\" \/>\n<meta property=\"og:type\" content=\"article\" \/>\n<meta property=\"og:title\" content=\"Podr\u00f3\u017cnicy w G\u00f3rach Olbrzymich Michelsbaude G\u00f3ry Izerskie | Przewodnik sudecki Karkonosze spacery z lampami naftowymi\" \/>\n<meta property=\"og:description\" content=\"g\u00f3ry izerskie spacer literacki Michelsbaude &#8211; Podr\u00f3\u017cnicy w G\u00f3rach Olbrzymich Wydawnictwo Wielka Izera, Sudecka Kraina zapraszaj\u0105 na Spacer z lampami naftowymi w G\u00f3ry Izerskie. Tematem spaceru b\u0119dzie powie\u015b\u0107 historyczna, ba\u015b\u0144, dreszczowiec, komedia \u2013 \u201eSolne Bociany\u201d autorstwa Cosmusa Flama. Jest to opowie\u015bci o przemytnikach soli w G\u00f3rach Izerskich w drugiej po\u0142owie XVIII wieku. Nakre\u015blona na tle [&hellip;]\" \/>\n<meta property=\"og:url\" content=\"https:\/\/www.sudeckakraina.pl\/index.php\/podroznicy-w-gorach-olbrzymich-michelsbaude-gory-izerskie\/\" \/>\n<meta property=\"og:site_name\" content=\"Przewodnik sudecki Karkonosze spacery z lampami naftowymi\" \/>\n<meta property=\"article:publisher\" content=\"https:\/\/www.facebook.com\/Sudecka.kraina\" \/>\n<meta property=\"article:modified_time\" content=\"2022-03-30T11:19:29+00:00\" \/>\n<meta property=\"og:image\" content=\"https:\/\/www.sudeckakraina.pl\/wp-content\/uploads\/2023\/02\/Jaroslaw-Szczyzowski-sudecka-kraina.jpg\" \/>\n\t<meta property=\"og:image:width\" content=\"723\" \/>\n\t<meta property=\"og:image:height\" content=\"867\" \/>\n\t<meta property=\"og:image:type\" content=\"image\/jpeg\" \/>\n<meta name=\"twitter:card\" content=\"summary_large_image\" \/>\n<meta name=\"twitter:label1\" content=\"Szacowany czas czytania\" \/>\n\t<meta name=\"twitter:data1\" content=\"1 minuta\" \/>\n<script type=\"application\/ld+json\" class=\"yoast-schema-graph\">{\"@context\":\"https:\/\/schema.org\",\"@graph\":[{\"@type\":\"WebPage\",\"@id\":\"https:\/\/www.sudeckakraina.pl\/index.php\/podroznicy-w-gorach-olbrzymich-michelsbaude-gory-izerskie\/\",\"url\":\"https:\/\/www.sudeckakraina.pl\/index.php\/podroznicy-w-gorach-olbrzymich-michelsbaude-gory-izerskie\/\",\"name\":\"Podr\u00f3\u017cnicy w G\u00f3rach Olbrzymich Michelsbaude G\u00f3ry Izerskie | Przewodnik sudecki Karkonosze spacery z lampami naftowymi\",\"isPartOf\":{\"@id\":\"https:\/\/www.sudeckakraina.pl\/#website\"},\"datePublished\":\"2022-03-25T14:25:33+00:00\",\"dateModified\":\"2022-03-30T11:19:29+00:00\",\"breadcrumb\":{\"@id\":\"https:\/\/www.sudeckakraina.pl\/index.php\/podroznicy-w-gorach-olbrzymich-michelsbaude-gory-izerskie\/#breadcrumb\"},\"inLanguage\":\"pl-PL\",\"potentialAction\":[{\"@type\":\"ReadAction\",\"target\":[\"https:\/\/www.sudeckakraina.pl\/index.php\/podroznicy-w-gorach-olbrzymich-michelsbaude-gory-izerskie\/\"]}]},{\"@type\":\"BreadcrumbList\",\"@id\":\"https:\/\/www.sudeckakraina.pl\/index.php\/podroznicy-w-gorach-olbrzymich-michelsbaude-gory-izerskie\/#breadcrumb\",\"itemListElement\":[{\"@type\":\"ListItem\",\"position\":1,\"name\":\"Strona g\u0142\u00f3wna\",\"item\":\"https:\/\/www.sudeckakraina.pl\/\"},{\"@type\":\"ListItem\",\"position\":2,\"name\":\"Podr\u00f3\u017cnicy w G\u00f3rach Olbrzymich Michelsbaude G\u00f3ry Izerskie\"}]},{\"@type\":\"WebSite\",\"@id\":\"https:\/\/www.sudeckakraina.pl\/#website\",\"url\":\"https:\/\/www.sudeckakraina.pl\/\",\"name\":\"Sudecka Kraina - Karkonosze - przewodnik sudecki - spacery z lampami naftowymi\",\"description\":\"Przewodnik sudecki Karkonosze  spacery z lampami naftowymi\",\"publisher\":{\"@id\":\"https:\/\/www.sudeckakraina.pl\/#organization\"},\"alternateName\":\"Sudecka Kraina Karkonosze - przewodnik sudecki - spacery z lampami naftowymi\",\"potentialAction\":[{\"@type\":\"SearchAction\",\"target\":{\"@type\":\"EntryPoint\",\"urlTemplate\":\"https:\/\/www.sudeckakraina.pl\/?s={search_term_string}\"},\"query-input\":{\"@type\":\"PropertyValueSpecification\",\"valueRequired\":true,\"valueName\":\"search_term_string\"}}],\"inLanguage\":\"pl-PL\"},{\"@type\":\"Organization\",\"@id\":\"https:\/\/www.sudeckakraina.pl\/#organization\",\"name\":\"Sudecka Kraina Karkonosze przewodnik sudecki spacery z lampami naftowymi\",\"alternateName\":\"Sudecka Kraina Karkonosze przewodnik sudecki spacery z lampami naftowymi\",\"url\":\"https:\/\/www.sudeckakraina.pl\/\",\"logo\":{\"@type\":\"ImageObject\",\"inLanguage\":\"pl-PL\",\"@id\":\"https:\/\/www.sudeckakraina.pl\/#\/schema\/logo\/image\/\",\"url\":\"http:\/\/www.sudeckakraina.pl\/wp-content\/uploads\/2020\/01\/logo-bez-t\u0142a-pr\u00f3ba-1-kopia-scaled.jpg\",\"contentUrl\":\"http:\/\/www.sudeckakraina.pl\/wp-content\/uploads\/2020\/01\/logo-bez-t\u0142a-pr\u00f3ba-1-kopia-scaled.jpg\",\"width\":2560,\"height\":2560,\"caption\":\"Sudecka Kraina Karkonosze przewodnik sudecki spacery z lampami naftowymi\"},\"image\":{\"@id\":\"https:\/\/www.sudeckakraina.pl\/#\/schema\/logo\/image\/\"},\"sameAs\":[\"https:\/\/www.facebook.com\/Sudecka.kraina\"]}]}<\/script>\n<!-- \/ Yoast SEO plugin. -->","yoast_head_json":{"title":"Podr\u00f3\u017cnicy w G\u00f3rach Olbrzymich Michelsbaude G\u00f3ry Izerskie | Przewodnik sudecki Karkonosze spacery z lampami naftowymi","robots":{"index":"index","follow":"follow","max-snippet":"max-snippet:-1","max-image-preview":"max-image-preview:large","max-video-preview":"max-video-preview:-1"},"canonical":"https:\/\/www.sudeckakraina.pl\/index.php\/podroznicy-w-gorach-olbrzymich-michelsbaude-gory-izerskie\/","og_locale":"pl_PL","og_type":"article","og_title":"Podr\u00f3\u017cnicy w G\u00f3rach Olbrzymich Michelsbaude G\u00f3ry Izerskie | Przewodnik sudecki Karkonosze spacery z lampami naftowymi","og_description":"g\u00f3ry izerskie spacer literacki Michelsbaude &#8211; Podr\u00f3\u017cnicy w G\u00f3rach Olbrzymich Wydawnictwo Wielka Izera, Sudecka Kraina zapraszaj\u0105 na Spacer z lampami naftowymi w G\u00f3ry Izerskie. Tematem spaceru b\u0119dzie powie\u015b\u0107 historyczna, ba\u015b\u0144, dreszczowiec, komedia \u2013 \u201eSolne Bociany\u201d autorstwa Cosmusa Flama. Jest to opowie\u015bci o przemytnikach soli w G\u00f3rach Izerskich w drugiej po\u0142owie XVIII wieku. Nakre\u015blona na tle [&hellip;]","og_url":"https:\/\/www.sudeckakraina.pl\/index.php\/podroznicy-w-gorach-olbrzymich-michelsbaude-gory-izerskie\/","og_site_name":"Przewodnik sudecki Karkonosze spacery z lampami naftowymi","article_publisher":"https:\/\/www.facebook.com\/Sudecka.kraina","article_modified_time":"2022-03-30T11:19:29+00:00","og_image":[{"width":723,"height":867,"url":"https:\/\/www.sudeckakraina.pl\/wp-content\/uploads\/2023\/02\/Jaroslaw-Szczyzowski-sudecka-kraina.jpg","type":"image\/jpeg"}],"twitter_card":"summary_large_image","twitter_misc":{"Szacowany czas czytania":"1 minuta"},"schema":{"@context":"https:\/\/schema.org","@graph":[{"@type":"WebPage","@id":"https:\/\/www.sudeckakraina.pl\/index.php\/podroznicy-w-gorach-olbrzymich-michelsbaude-gory-izerskie\/","url":"https:\/\/www.sudeckakraina.pl\/index.php\/podroznicy-w-gorach-olbrzymich-michelsbaude-gory-izerskie\/","name":"Podr\u00f3\u017cnicy w G\u00f3rach Olbrzymich Michelsbaude G\u00f3ry Izerskie | Przewodnik sudecki Karkonosze spacery z lampami naftowymi","isPartOf":{"@id":"https:\/\/www.sudeckakraina.pl\/#website"},"datePublished":"2022-03-25T14:25:33+00:00","dateModified":"2022-03-30T11:19:29+00:00","breadcrumb":{"@id":"https:\/\/www.sudeckakraina.pl\/index.php\/podroznicy-w-gorach-olbrzymich-michelsbaude-gory-izerskie\/#breadcrumb"},"inLanguage":"pl-PL","potentialAction":[{"@type":"ReadAction","target":["https:\/\/www.sudeckakraina.pl\/index.php\/podroznicy-w-gorach-olbrzymich-michelsbaude-gory-izerskie\/"]}]},{"@type":"BreadcrumbList","@id":"https:\/\/www.sudeckakraina.pl\/index.php\/podroznicy-w-gorach-olbrzymich-michelsbaude-gory-izerskie\/#breadcrumb","itemListElement":[{"@type":"ListItem","position":1,"name":"Strona g\u0142\u00f3wna","item":"https:\/\/www.sudeckakraina.pl\/"},{"@type":"ListItem","position":2,"name":"Podr\u00f3\u017cnicy w G\u00f3rach Olbrzymich Michelsbaude G\u00f3ry Izerskie"}]},{"@type":"WebSite","@id":"https:\/\/www.sudeckakraina.pl\/#website","url":"https:\/\/www.sudeckakraina.pl\/","name":"Sudecka Kraina - Karkonosze - przewodnik sudecki - spacery z lampami naftowymi","description":"Przewodnik sudecki Karkonosze  spacery z lampami naftowymi","publisher":{"@id":"https:\/\/www.sudeckakraina.pl\/#organization"},"alternateName":"Sudecka Kraina Karkonosze - przewodnik sudecki - spacery z lampami naftowymi","potentialAction":[{"@type":"SearchAction","target":{"@type":"EntryPoint","urlTemplate":"https:\/\/www.sudeckakraina.pl\/?s={search_term_string}"},"query-input":{"@type":"PropertyValueSpecification","valueRequired":true,"valueName":"search_term_string"}}],"inLanguage":"pl-PL"},{"@type":"Organization","@id":"https:\/\/www.sudeckakraina.pl\/#organization","name":"Sudecka Kraina Karkonosze przewodnik sudecki spacery z lampami naftowymi","alternateName":"Sudecka Kraina Karkonosze przewodnik sudecki spacery z lampami naftowymi","url":"https:\/\/www.sudeckakraina.pl\/","logo":{"@type":"ImageObject","inLanguage":"pl-PL","@id":"https:\/\/www.sudeckakraina.pl\/#\/schema\/logo\/image\/","url":"http:\/\/www.sudeckakraina.pl\/wp-content\/uploads\/2020\/01\/logo-bez-t\u0142a-pr\u00f3ba-1-kopia-scaled.jpg","contentUrl":"http:\/\/www.sudeckakraina.pl\/wp-content\/uploads\/2020\/01\/logo-bez-t\u0142a-pr\u00f3ba-1-kopia-scaled.jpg","width":2560,"height":2560,"caption":"Sudecka Kraina Karkonosze przewodnik sudecki spacery z lampami naftowymi"},"image":{"@id":"https:\/\/www.sudeckakraina.pl\/#\/schema\/logo\/image\/"},"sameAs":["https:\/\/www.facebook.com\/Sudecka.kraina"]}]}},"_links":{"self":[{"href":"https:\/\/www.sudeckakraina.pl\/index.php\/wp-json\/wp\/v2\/pages\/6842","targetHints":{"allow":["GET"]}}],"collection":[{"href":"https:\/\/www.sudeckakraina.pl\/index.php\/wp-json\/wp\/v2\/pages"}],"about":[{"href":"https:\/\/www.sudeckakraina.pl\/index.php\/wp-json\/wp\/v2\/types\/page"}],"author":[{"embeddable":true,"href":"https:\/\/www.sudeckakraina.pl\/index.php\/wp-json\/wp\/v2\/users\/1"}],"replies":[{"embeddable":true,"href":"https:\/\/www.sudeckakraina.pl\/index.php\/wp-json\/wp\/v2\/comments?post=6842"}],"version-history":[{"count":0,"href":"https:\/\/www.sudeckakraina.pl\/index.php\/wp-json\/wp\/v2\/pages\/6842\/revisions"}],"wp:attachment":[{"href":"https:\/\/www.sudeckakraina.pl\/index.php\/wp-json\/wp\/v2\/media?parent=6842"}],"curies":[{"name":"wp","href":"https:\/\/api.w.org\/{rel}","templated":true}]}}